{"id":11396,"date":"2022-06-07T15:41:03","date_gmt":"2022-06-07T15:41:03","guid":{"rendered":"https:\/\/aptecnologia.com.ar\/new\/?post_type=product&#038;p=11396"},"modified":"2023-01-30T12:19:44","modified_gmt":"2023-01-30T12:19:44","slug":"soporte-tv-c-brazo-19-a-55-vesa-noganet","status":"publish","type":"product","link":"https:\/\/aptecnologia.com.ar\/new\/productos\/soporte-tv-c-brazo-19-a-55-vesa-noganet\/","title":{"rendered":"Soporte TV c\/ brazo 19&#8243; a 55&#8243; VESA &#8211; NOGANET"},"content":{"rendered":"<p>Soporte con brazo m\u00f3vil de pared para TV, LCD, LED, Plasma y Monitores.<br \/>\nPosee amplio movimiento de rotaci\u00f3n vertical y horizontal que posibilita la cancelaci\u00f3n de reflejos. Resistente y de f\u00e1cil instalaci\u00f3n.<\/p>\n<p>&#8211; Marca : noga<br \/>\n&#8211; Modelo : NGT-LT303<br \/>\n&#8211; Kit para instalaci\u00f3n<br \/>\n&#8211; Fabricado en hierro<br \/>\n&#8211; Compatible con normas universales y Vesa 75&#215;75, 400&#215;400<br \/>\n&#8211; Rotaci\u00f3n Horizontal: 160\u00b0<br \/>\n&#8211; Rotaci\u00f3n Vertical: +-5\u00b0<br \/>\n&#8211; Medidas: 19 a 55 pulgadas<br \/>\n&#8211; Distancia de la pared m\u00e1xima: 38 cm.<br \/>\n&#8211; Soporta peso hasta 30 kg.<\/p>\n","protected":false},"excerpt":{"rendered":"<p>Para Tv de 19 a 55 pulgadas<br \/>\nKit para instalaci\u00f3n<br \/>\nCompatible con normas universales y Vesa 75&#215;75, 400&#215;400<br \/>\nRotaci\u00f3n Horizontal: 160\u00b0<br \/>\nRotaci\u00f3n Vertical: +-5\u00b0<br \/>\nSoporta peso hasta 30 kg.<\/p>\n","protected":false},"featured_media":11399,"comment_status":"open","ping_status":"closed","template":"","meta":[],"pwb-brand":[130],"product_cat":[73,67],"product_tag":[],"class_list":{"0":"post-11396","1":"product","2":"type-product","3":"status-publish","4":"has-post-thumbnail","6":"pwb-brand-noganet","7":"product_cat-tvs","8":"product_cat-audio-y-video","10":"first","11":"outofstock","12":"shipping-taxable","13":"purchasable","14":"product-type-simple"},"brands":[{"id":130,"name":"Noganet","slug":"noganet"}],"_links":{"self":[{"href":"https:\/\/aptecnologia.com.ar\/new\/wp-json\/wp\/v2\/product\/11396","targetHints":{"allow":["GET"]}}],"collection":[{"href":"https:\/\/aptecnologia.com.ar\/new\/wp-json\/wp\/v2\/product"}],"about":[{"href":"https:\/\/aptecnologia.com.ar\/new\/wp-json\/wp\/v2\/types\/product"}],"replies":[{"embeddable":true,"href":"https:\/\/aptecnologia.com.ar\/new\/wp-json\/wp\/v2\/comments?post=11396"}],"version-history":[{"count":0,"href":"https:\/\/aptecnologia.com.ar\/new\/wp-json\/wp\/v2\/product\/11396\/revisions"}],"wp:featuredmedia":[{"embeddable":true,"href":"https:\/\/aptecnologia.com.ar\/new\/wp-json\/wp\/v2\/media\/11399"}],"wp:attachment":[{"href":"https:\/\/aptecnologia.com.ar\/new\/wp-json\/wp\/v2\/media?parent=11396"}],"wp:term":[{"taxonomy":"pwb-brand","embeddable":true,"href":"https:\/\/aptecnologia.com.ar\/new\/wp-json\/wp\/v2\/pwb-brand?post=11396"},{"taxonomy":"product_cat","embeddable":true,"href":"https:\/\/aptecnologia.com.ar\/new\/wp-json\/wp\/v2\/product_cat?post=11396"},{"taxonomy":"product_tag","embeddable":true,"href":"https:\/\/aptecnologia.com.ar\/new\/wp-json\/wp\/v2\/product_tag?post=11396"}],"curies":[{"name":"wp","href":"https:\/\/api.w.org\/{rel}","templated":true}]}}