{"id":11390,"date":"2022-06-07T15:12:14","date_gmt":"2022-06-07T15:12:14","guid":{"rendered":"https:\/\/aptecnologia.com.ar\/new\/?post_type=product&#038;p=11390"},"modified":"2022-08-08T16:56:45","modified_gmt":"2022-08-08T16:56:45","slug":"monitor-23-8-p24v-g4-fhd-hp","status":"publish","type":"product","link":"https:\/\/aptecnologia.com.ar\/new\/productos\/monitor-23-8-p24v-g4-fhd-hp\/","title":{"rendered":"Monitor 23.8&#8243; P24v G4 FHD &#8211; HP"},"content":{"rendered":"<p>Tipo de pantalla IPS<br \/>\n\u00c1rea activa del panel 20.75 x 11.67 in 527,04 x 296,46 mm<br \/>\nBrillo 250 nits<br \/>\nRelaci\u00f3n de contraste 1000:1<br \/>\n\u00cdndice de respuesta 5 ms GtG<br \/>\nColor del producto Negro<br \/>\nProporci\u00f3n 16:9<br \/>\nResoluci\u00f3n nativa FHD (1920 x 1080)<br \/>\nResoluciones admitidas<br \/>\n1024 x 768; 1280 x 1024; 1280 x 720; 1280 x 800; 1440 x 900; 1600 x 900; 1680 x 1050; 1920 x 1080; 640 x 480; 720 x 400; 800 x<br \/>\n600<br \/>\nFunciones de la pantalla Antirreflectante; Modo Low Blue Light<br \/>\nControles del usuario Salir; Informaci\u00f3n; Gesti\u00f3n; Control de alimentaci\u00f3n; Control de entrada; Control de men\u00fa; Brillo +; Imagen; Color<br \/>\nSe\u00f1al de entrada 1 VGA; 1 HDMI 1.4 (compatible con HDCP)<br \/>\nTama\u00f1o de pantalla (diagonal) 23.8&#8243;<br \/>\nTama\u00f1o de la pantalla (diagonal, m\u00e9trico) 60,45 cm (23,8&#8243;)<br \/>\nC\u00e1mara Sin c\u00e1mara integrada<br \/>\nMedio ambiente<br \/>\nTemperatura operativa: 5 a 35\u00b0C;<br \/>\nHumedad de funcionamiento: Del 20 al 80% sin condensaci\u00f3n;<br \/>\nAlimentaci\u00f3n Voltaje de entrada de 100 a 240 VCA<br \/>\nConsumo energ\u00e9tico 26 W (m\u00e1ximo), 23,5 W (t\u00edpico), 0,5 W (en espera)<br \/>\nDimensiones 21.24 x 1.87 x 12.8 in 53,96 \u00d7 4,76 \u00d7 32,5 cm (Sin soporte.)<br \/>\nPeso 7.62 lb 3,46 kg (Con soporte.)<br \/>\nCaracter\u00edsticas f\u00edsicas de seguridad Preparado para bloqueo de seguridad<br \/>\nConformidad del rendimiento energ\u00e9tico Certificaci\u00f3n ENERGY STAR\u00ae; Registro EPEAT\u00ae 2019<br \/>\nCertificaci\u00f3n y conformidad<br \/>\nMEPS de Australia-Nueva Zelanda; BIS; BSMI; CB; CCC; CE; CECP; CEL; C-Tick; cTUVus; EAC; ENERGY STAR\u00ae; E-standby; EUP Lot-5; EUP Lot6; FCC; ISO 9241-307; KC\/KCC; NOM NYCE; PSB; SEPA; Certificaci\u00f3n TCO; TUV Bauart; VCCI; MEPS de Vietnam; WEEE; ISC; Low Blue Light;<br \/>\nUkrSEPRO; MEPS de Sud\u00e1frica; Etiqueta de energ\u00eda para Ucrania; California Energy Commission (CEC); Aplicaci\u00f3n WW; ICE; MEPS de<br \/>\nM\u00e9xico; TGM; Etiqueta verde para PC japonesa<br \/>\nContenido de la caja Monitor; Documentaci\u00f3n; Cable VGA; Tarjeta de garant\u00eda; Aviso sobre el producto; Cable de alimentaci\u00f3n de CA<br \/>\nGarant\u00eda 3 a\u00f1os de garant\u00eda limitada, que incluye 3 a\u00f1os de piezas y mano de obra. Se aplican ciertas restricciones y limitaciones.<br \/>\nP\u00edxeles por pulgada (PPP) 92 ppp<br \/>\nProfundidad de bits del panel 8 bits<br \/>\n\u00c1ngulo de visi\u00f3n vertical 178\u00b0<br \/>\n\u00c1ngulo de visi\u00f3n horizontal 178\u00b0<br \/>\nMarco bisel micro-edge de 3 caras<br \/>\nGiro No swivel<br \/>\nInclinaci\u00f3n De -5 a +20\u00b0<br \/>\nPivot No pivot<br \/>\nRango de ajuste de altura Sin ajuste de altura<br \/>\nMontaje VESA 100 mm x 100 mm (soporte incluido)<br \/>\nDureza 3H<br \/>\nTratamiento de pantalla Antirreflejo<br \/>\nCon funci\u00f3n t\u00e1ctil Funci\u00f3n t\u00e1ctil no habilitada<br \/>\nFiltro de privacidad integrado No<br \/>\nAntiparpadeo S\u00ed<br \/>\nModos de luz azul baja S\u00ed (certificaci\u00f3n T\u00dcV)<br \/>\nClase de eficiencia energ\u00e9tica D<br \/>\nFrecuencia de barrido de pantalla<br \/>\n(horizontal)<br \/>\n30-80 kHz;<br \/>\nFrecuencia de barrido de pantalla<br \/>\n(vertical)<br \/>\n50-60 Hz;<br \/>\nDensidad de p\u00edxeles 0,274 mm<\/p>\n","protected":false},"excerpt":{"rendered":"<p>Monitor 23.8&#8243;\u00a0IPS<br \/>\nBrillo 250 nits<br \/>\nRelaci\u00f3n de contraste 1000:1<br \/>\nColor del producto Negro<br \/>\nProporci\u00f3n 16:9<br \/>\nResoluci\u00f3n nativa FHD (1920 x 1080)<\/p>\n","protected":false},"featured_media":11391,"comment_status":"open","ping_status":"closed","template":"","meta":[],"pwb-brand":[118],"product_cat":[66,81],"product_tag":[],"class_list":{"0":"post-11390","1":"product","2":"type-product","3":"status-publish","4":"has-post-thumbnail","6":"pwb-brand-hp","7":"product_cat-computacion","8":"product_cat-monitores","10":"first","11":"outofstock","12":"shipping-taxable","13":"purchasable","14":"product-type-simple"},"brands":[{"id":118,"name":"HP","slug":"hp"}],"_links":{"self":[{"href":"https:\/\/aptecnologia.com.ar\/new\/wp-json\/wp\/v2\/product\/11390","targetHints":{"allow":["GET"]}}],"collection":[{"href":"https:\/\/aptecnologia.com.ar\/new\/wp-json\/wp\/v2\/product"}],"about":[{"href":"https:\/\/aptecnologia.com.ar\/new\/wp-json\/wp\/v2\/types\/product"}],"replies":[{"embeddable":true,"href":"https:\/\/aptecnologia.com.ar\/new\/wp-json\/wp\/v2\/comments?post=11390"}],"version-history":[{"count":0,"href":"https:\/\/aptecnologia.com.ar\/new\/wp-json\/wp\/v2\/product\/11390\/revisions"}],"wp:featuredmedia":[{"embeddable":true,"href":"https:\/\/aptecnologia.com.ar\/new\/wp-json\/wp\/v2\/media\/11391"}],"wp:attachment":[{"href":"https:\/\/aptecnologia.com.ar\/new\/wp-json\/wp\/v2\/media?parent=11390"}],"wp:term":[{"taxonomy":"pwb-brand","embeddable":true,"href":"https:\/\/aptecnologia.com.ar\/new\/wp-json\/wp\/v2\/pwb-brand?post=11390"},{"taxonomy":"product_cat","embeddable":true,"href":"https:\/\/aptecnologia.com.ar\/new\/wp-json\/wp\/v2\/product_cat?post=11390"},{"taxonomy":"product_tag","embeddable":true,"href":"https:\/\/aptecnologia.com.ar\/new\/wp-json\/wp\/v2\/product_tag?post=11390"}],"curies":[{"name":"wp","href":"https:\/\/api.w.org\/{rel}","templated":true}]}}