{"id":11345,"date":"2022-05-26T11:44:31","date_gmt":"2022-05-26T11:44:31","guid":{"rendered":"https:\/\/aptecnologia.com.ar\/new\/?post_type=product&#038;p=11345"},"modified":"2024-03-07T15:40:01","modified_gmt":"2024-03-07T18:40:01","slug":"disco-usb-1tb-3-0-negro-elements-wd","status":"publish","type":"product","link":"https:\/\/aptecnologia.com.ar\/new\/productos\/disco-usb-1tb-3-0-negro-elements-wd\/","title":{"rendered":"Disco USB 1TB 3.0 Negro Elements &#8211; WD"},"content":{"rendered":"<p>La simplicidad y eficiencia en rendimiento de la l\u00ednea WD Elements marca la diferencia en cuanto a discos portables. Su dise\u00f1o peque\u00f1o, liviano y de f\u00e1cil transporte lo convierte en un dispositivo utilizable en casi cualquier lugar.<br \/>\nLa gran calidad de esta unidad de almacenamiento te brindar\u00e1 una durabilidad prolongada, ya que resiste a golpes e impactos generados por situaciones improvistas.<\/p>\n<p>Irrompible<br \/>\nAdem\u00e1s de su funcionalidad y soporte, la importancia de los discos de almacenamiento tambi\u00e9n radica en su calidad y resistencia. Despreocupate y disfrut\u00e1 de la durabilidad de este producto debido a su capacidad de absorber y resistir fuertes impactos.<\/p>\n<p>M\u00e1s velocidad a tu alcance<br \/>\nEste producto transfiere datos a trav\u00e9s de un puerto USB 2.0, USB 3.0, lo que lo convierte en un dispositivo sumamente veloz. Es adaptable a tus necesidades a la hora de traspasar grandes cantidades de datos en poco tiempo.<\/p>\n","protected":false},"excerpt":{"rendered":"<p>Capacidad de 1 TB.<br \/>\nResistente a fuertes golpes.<br \/>\nTama\u00f1o de 2.5 \u00ab.<br \/>\nF\u00e1cil de transportar.<br \/>\nInterfaces de conexi\u00f3n: USB 2.0 y USB 3.0.<br \/>\nAccesorios incluidos: cable usb.<\/p>\n","protected":false},"featured_media":11348,"comment_status":"open","ping_status":"closed","template":"","meta":[],"pwb-brand":[124],"product_cat":[66,94,91],"product_tag":[],"class_list":{"0":"post-11345","1":"product","2":"type-product","3":"status-publish","4":"has-post-thumbnail","6":"pwb-brand-wd","7":"product_cat-computacion","8":"product_cat-discos","9":"product_cat-componentes","11":"first","12":"outofstock","13":"shipping-taxable","14":"purchasable","15":"product-type-simple"},"brands":[{"id":124,"name":"WD","slug":"wd"}],"_links":{"self":[{"href":"https:\/\/aptecnologia.com.ar\/new\/wp-json\/wp\/v2\/product\/11345","targetHints":{"allow":["GET"]}}],"collection":[{"href":"https:\/\/aptecnologia.com.ar\/new\/wp-json\/wp\/v2\/product"}],"about":[{"href":"https:\/\/aptecnologia.com.ar\/new\/wp-json\/wp\/v2\/types\/product"}],"replies":[{"embeddable":true,"href":"https:\/\/aptecnologia.com.ar\/new\/wp-json\/wp\/v2\/comments?post=11345"}],"version-history":[{"count":0,"href":"https:\/\/aptecnologia.com.ar\/new\/wp-json\/wp\/v2\/product\/11345\/revisions"}],"wp:featuredmedia":[{"embeddable":true,"href":"https:\/\/aptecnologia.com.ar\/new\/wp-json\/wp\/v2\/media\/11348"}],"wp:attachment":[{"href":"https:\/\/aptecnologia.com.ar\/new\/wp-json\/wp\/v2\/media?parent=11345"}],"wp:term":[{"taxonomy":"pwb-brand","embeddable":true,"href":"https:\/\/aptecnologia.com.ar\/new\/wp-json\/wp\/v2\/pwb-brand?post=11345"},{"taxonomy":"product_cat","embeddable":true,"href":"https:\/\/aptecnologia.com.ar\/new\/wp-json\/wp\/v2\/product_cat?post=11345"},{"taxonomy":"product_tag","embeddable":true,"href":"https:\/\/aptecnologia.com.ar\/new\/wp-json\/wp\/v2\/product_tag?post=11345"}],"curies":[{"name":"wp","href":"https:\/\/api.w.org\/{rel}","templated":true}]}}