{"id":11331,"date":"2022-05-26T11:06:41","date_gmt":"2022-05-26T11:06:41","guid":{"rendered":"https:\/\/aptecnologia.com.ar\/new\/?post_type=product&#038;p=11331"},"modified":"2023-05-12T16:39:08","modified_gmt":"2023-05-12T19:39:08","slug":"notebook-i5-latitude-5510-8gb-1tb-w10h-dell","status":"publish","type":"product","link":"https:\/\/aptecnologia.com.ar\/new\/productos\/notebook-i5-latitude-5510-8gb-1tb-w10h-dell\/","title":{"rendered":"Notebook  &#8211; I5 Latitude 5510 8Gb 1Tb W10H 15.6&#8243; DELL"},"content":{"rendered":"<p>Por sus caracter\u00edsticas de conectividad y administraci\u00f3n la port\u00e1til Dell Latitude 5500 es ideal para empresas en crecimiento.<br \/>\nAmpl\u00ede su oficina: La Dell Latitude 5500 mejora su flujo de trabajo en cualquier lugar y adem\u00e1s se ve bien. Es m\u00e1s peque\u00f1a que la generaci\u00f3n anterior, con una nueva forma de cu\u00f1a que es a\u00fan m\u00e1s compacta. Los bordes brillantes se ven elegantes y modernos en cualquier entorno.<br \/>\nAlimentaci\u00f3n durante todo el d\u00eda: La duraci\u00f3n prolongada de la bater\u00eda supera todo su d\u00eda de trabajo.<\/p>\n<p>&#8211; Procesador: Intel\u00ae Core\u2122 i5-10310U (4 Core, 6M cache, 1.7GHz &#8211; 4.4GHz)<br \/>\n&#8211; Sistema operativo: Windows 10 Home<br \/>\n&#8211; Memoria RAM: 8 GB DDR4<br \/>\n&#8211; Almacenamiento: 1 TB 5400 RPM 2.5&#8243;<br \/>\n&#8211; Pantalla: 15,6&#8243; HD (1366 x 768 px) Anti-Glare<br \/>\n&#8211; C\u00e1mara: Integrada HD 1280 x 720 px, con micr\u00f3fonos<br \/>\n&#8211; Audio: Parlantes est\u00e9reo dobles de 2 W<br \/>\n&#8211; Conectividad: Wi-Fi 802.11ac + Bluetooth 5.0<br \/>\n&#8211; Puertos:<br \/>\n&#8212; 1 puerto RJ-45 10\/100\/1000 Mbps<br \/>\n&#8212; 2 puertos USB 3.2 Type-A Gen 1<br \/>\n&#8212; 1 puerto USB 3.2 Type-A Gen 1 con PowerShare<br \/>\n&#8212; 1 puerto USB 3.2 Type-C Gen 1 con modo DisplayPort<br \/>\n&#8212; 1 puerto HDMI 1.4b<br \/>\n&#8212; 1 conector de audio universal<br \/>\n&#8212; 1 ranura de lector de tarjetas SD 3.0<br \/>\n&#8211; Bater\u00eda: De carga r\u00e1pida (ExpressCharge\u2122) de 51 Whr (3 celdas)<br \/>\n&#8211; Dimensiones: 359 x 236,3 x 22,4 mm<br \/>\n&#8211; Peso: 1,82 kg<\/p>\n","protected":false},"excerpt":{"rendered":"<p>Almacenamiento 1 TB<br \/>\nProcesador Core i5<br \/>\nSistema operativo Windows 10<br \/>\n8 GB DDR4<br \/>\nTama\u00f1o de la pantalla 15.6 \u00bb LED<\/p>\n","protected":false},"featured_media":11333,"comment_status":"open","ping_status":"closed","template":"","meta":[],"pwb-brand":[146],"product_cat":[66,191,72],"product_tag":[],"class_list":{"0":"post-11331","1":"product","2":"type-product","3":"status-publish","4":"has-post-thumbnail","6":"pwb-brand-dell","7":"product_cat-computacion","8":"product_cat-equipos","9":"product_cat-notebooks","11":"first","12":"outofstock","13":"shipping-taxable","14":"purchasable","15":"product-type-simple"},"brands":[{"id":146,"name":"Dell","slug":"dell"}],"_links":{"self":[{"href":"https:\/\/aptecnologia.com.ar\/new\/wp-json\/wp\/v2\/product\/11331","targetHints":{"allow":["GET"]}}],"collection":[{"href":"https:\/\/aptecnologia.com.ar\/new\/wp-json\/wp\/v2\/product"}],"about":[{"href":"https:\/\/aptecnologia.com.ar\/new\/wp-json\/wp\/v2\/types\/product"}],"replies":[{"embeddable":true,"href":"https:\/\/aptecnologia.com.ar\/new\/wp-json\/wp\/v2\/comments?post=11331"}],"version-history":[{"count":0,"href":"https:\/\/aptecnologia.com.ar\/new\/wp-json\/wp\/v2\/product\/11331\/revisions"}],"wp:featuredmedia":[{"embeddable":true,"href":"https:\/\/aptecnologia.com.ar\/new\/wp-json\/wp\/v2\/media\/11333"}],"wp:attachment":[{"href":"https:\/\/aptecnologia.com.ar\/new\/wp-json\/wp\/v2\/media?parent=11331"}],"wp:term":[{"taxonomy":"pwb-brand","embeddable":true,"href":"https:\/\/aptecnologia.com.ar\/new\/wp-json\/wp\/v2\/pwb-brand?post=11331"},{"taxonomy":"product_cat","embeddable":true,"href":"https:\/\/aptecnologia.com.ar\/new\/wp-json\/wp\/v2\/product_cat?post=11331"},{"taxonomy":"product_tag","embeddable":true,"href":"https:\/\/aptecnologia.com.ar\/new\/wp-json\/wp\/v2\/product_tag?post=11331"}],"curies":[{"name":"wp","href":"https:\/\/api.w.org\/{rel}","templated":true}]}}