{"id":11294,"date":"2022-05-24T21:41:03","date_gmt":"2022-05-24T21:41:03","guid":{"rendered":"https:\/\/aptecnologia.com.ar\/new\/?post_type=product&#038;p=11294"},"modified":"2023-05-12T16:55:35","modified_gmt":"2023-05-12T19:55:35","slug":"notebook-thinkbook-i5-8gb-ssd256-15-6-fdos-lenovo","status":"publish","type":"product","link":"https:\/\/aptecnologia.com.ar\/new\/productos\/notebook-thinkbook-i5-8gb-ssd256-15-6-fdos-lenovo\/","title":{"rendered":"Notebook  &#8211; I5 Thinkbook  8Gb Ssd256 15.6&#8243; FDOS LENOVO"},"content":{"rendered":"<p>Potencia su productividad<br \/>\nDisfrute de un rendimiento sin igual en la Lenovo ThinkBook 15 de 2.\u00aa generaci\u00f3n (Intel) gracias a sus avanzados procesadores Intel\u00ae Core\u2122 de 11.a generaci\u00f3n mejorados con tecnolog\u00eda de IA. Esta notebook para empresas lo equipa para llevar a cabo los trabajos m\u00e1s exigentes con opciones de almacenamiento SSD dual y una memoria RAM DDR4. Y gracias a la refrigeraci\u00f3n inteligente, no tendr\u00e1 que preocuparse por los sobrecalentamientos.<\/p>\n<p>Im\u00e1genes n\u00edtidas<br \/>\nLa pantalla del Lenovo ThinkBook 15 de 2.\u00aa generaci\u00f3n ofrece una resoluci\u00f3n FHD para conseguir unos gr\u00e1ficos realistas con un contraste y color precisos. Se ha dise\u00f1ado para evitar los parpadeos y es compatible con T\u00dcV Rheinland Low Blue Light en modelos seleccionados.<\/p>\n<p>Simplificado y elegante<br \/>\nLa Lenovo ThinkBook 15 de 2.\u00aa generaci\u00f3n (Intel) le permite a usted y a sus empleados destacarse gracias a su dise\u00f1o elegante y profesional de dos tonos. Sus elegantes biseles ofrecen una relaci\u00f3n pantalla-cuerpo del 88 %. Y con solo 18,9 mm y 1,7 kg, es lo suficientemente delgada y liviana para llevarla a cualquier parte.<\/p>\n<p>Con\u00e9ctese en cualquier lugar<br \/>\nEl r\u00e1pido WiFi 6 permite descargas m\u00e1s r\u00e1pidas, mayor ancho de banda, menor latencia y unas conferencias sin interrupciones. Y la conexi\u00f3n a los perif\u00e9ricos es sencilla gracias a una generosa selecci\u00f3n de puertos que incluyen Thunderbolt\u2122 4, USB-C, HDMI y USB 3.2 de 1.\u00aa generaci\u00f3n, entre otros.<\/p>\n<p>Seguro, fiable y Smart<br \/>\nLa Lenovo ThinkBook 15 de 2.\u00aa generaci\u00f3n (Intel) hace que sus datos empresariales y su privacidad personal est\u00e9n seguros. Las funciones de hardware y firmware incluyen el m\u00f3dulo de plataforma segura (TPM), un control de acceso de puertos de E\/S, borrado seguro y mucho m\u00e1s. Un obturador de privacidad para la c\u00e1mara web te permite bloquear la c\u00e1mara de forma f\u00edsica cuando no la est\u00e1s usando. Y las funciones Smart completan la experiencia: saque el m\u00e1ximo partido del contenido visual con una resoluci\u00f3n de video mejorada, controle el micr\u00f3fono con modos predeterminados e inicie su Lenovo ThinkBook al instante solo con abrir la tapa.<\/p>\n","protected":false},"excerpt":{"rendered":"<p>L\u00ednea: ThinkBook 15 G2 ITL<br \/>\nSistema Operativo: FreeDOS<br \/>\nPantalla: 15.6&#8243; FHD (1920&#215;1080)<br \/>\nIntel Core i5-1135G7<br \/>\nRAM: 8GB DDR4 Soldada<br \/>\n256GB SSD<br \/>\nC\u00e1mara: 720p with ThinkShutter<br \/>\nTeclado: Espa\u00f1ol LA<\/p>\n","protected":false},"featured_media":11300,"comment_status":"open","ping_status":"closed","template":"","meta":[],"pwb-brand":[148],"product_cat":[66,191,72],"product_tag":[],"class_list":{"0":"post-11294","1":"product","2":"type-product","3":"status-publish","4":"has-post-thumbnail","6":"pwb-brand-lenovo","7":"product_cat-computacion","8":"product_cat-equipos","9":"product_cat-notebooks","11":"first","12":"outofstock","13":"shipping-taxable","14":"purchasable","15":"product-type-simple"},"brands":[{"id":148,"name":"Lenovo","slug":"lenovo"}],"_links":{"self":[{"href":"https:\/\/aptecnologia.com.ar\/new\/wp-json\/wp\/v2\/product\/11294","targetHints":{"allow":["GET"]}}],"collection":[{"href":"https:\/\/aptecnologia.com.ar\/new\/wp-json\/wp\/v2\/product"}],"about":[{"href":"https:\/\/aptecnologia.com.ar\/new\/wp-json\/wp\/v2\/types\/product"}],"replies":[{"embeddable":true,"href":"https:\/\/aptecnologia.com.ar\/new\/wp-json\/wp\/v2\/comments?post=11294"}],"version-history":[{"count":0,"href":"https:\/\/aptecnologia.com.ar\/new\/wp-json\/wp\/v2\/product\/11294\/revisions"}],"wp:featuredmedia":[{"embeddable":true,"href":"https:\/\/aptecnologia.com.ar\/new\/wp-json\/wp\/v2\/media\/11300"}],"wp:attachment":[{"href":"https:\/\/aptecnologia.com.ar\/new\/wp-json\/wp\/v2\/media?parent=11294"}],"wp:term":[{"taxonomy":"pwb-brand","embeddable":true,"href":"https:\/\/aptecnologia.com.ar\/new\/wp-json\/wp\/v2\/pwb-brand?post=11294"},{"taxonomy":"product_cat","embeddable":true,"href":"https:\/\/aptecnologia.com.ar\/new\/wp-json\/wp\/v2\/product_cat?post=11294"},{"taxonomy":"product_tag","embeddable":true,"href":"https:\/\/aptecnologia.com.ar\/new\/wp-json\/wp\/v2\/product_tag?post=11294"}],"curies":[{"name":"wp","href":"https:\/\/api.w.org\/{rel}","templated":true}]}}