{"id":11290,"date":"2022-05-24T21:18:13","date_gmt":"2022-05-24T21:18:13","guid":{"rendered":"https:\/\/aptecnologia.com.ar\/new\/productos\/notebook-r5-inspiron-3505-8gb-ssd-256-15-6-w10h-dell-copy\/"},"modified":"2023-05-12T16:40:00","modified_gmt":"2023-05-12T19:40:00","slug":"notebook-r5-5500-8gb-ssd-1tb-14-fdos","status":"publish","type":"product","link":"https:\/\/aptecnologia.com.ar\/new\/productos\/notebook-r5-5500-8gb-ssd-1tb-14-fdos\/","title":{"rendered":"Notebook &#8211; R5 5500 245G8 8GB 1Tb FDos 14&#8243; HP"},"content":{"rendered":"<p>Dise\u00f1o hermoso y ligero<br \/>\nLa laptop HP 245 sigue el ritmo de estilos de trabajo m\u00f3viles gracias a un dise\u00f1o delgado y ligero. La hermosa pantalla con su angosto borde y relaci\u00f3n de pantalla y cuerpo grande brinda amplio espacio para trabajar o reproducir contenido.<\/p>\n<p>Ayude a proteger los datos cr\u00edticos<br \/>\nEl chip de seguridad incorporado Trusted Platform Module (TPM) proporciona claves de encriptaci\u00f3n basadas en hardware para ayudarlo a proteger sus datos, su correo electr\u00f3nico y sus credenciales de usuario.<\/p>\n<p>Sea la mejor versi\u00f3n virtual de usted mismo<br \/>\nA veces en la vida, solo una conversaci\u00f3n cara a cara resuelve las cosas. Gracias a la c\u00e1mara web HD de HP con amplio rango din\u00e1mico (WDR), siempre se ver\u00e1 bien durante conferencias virtuales en condiciones de poca iluminaci\u00f3n o luz brillante.<\/p>\n<p>Protecci\u00f3n contra derrames peque\u00f1os<br \/>\nProteja los elementos electr\u00f3nicos y componentes principales delicados de derrames menores gracias al nuevo teclado resistente a salpicaduras.<\/p>\n<p>Tonelada de almacenamiento<br \/>\nAlmacene documentos, im\u00e1genes, videos y m\u00e1s de lo que necesita con una unidad de disco duro de 1 TB.<\/p>\n<p>AMD Ryzen\u2122 5 5500U<\/p>\n<p>(velocidad de r\u00e1faga m\u00e1xima de hasta 4,0 GHz, 8 MB de cach\u00e9 L3, 6 cores y 12 subprocesos)<\/p>\n<p>1000 GB Unidad de disco duro<\/p>\n<p>8 GB DDR4 3200 DIMM<\/p>\n","protected":false},"excerpt":{"rendered":"<p>Procesador AMD Ryzen 5.<br \/>\nMemoria RAM de 8GB.<br \/>\nDisco SSD 1Tb<br \/>\nPantalla LED de 14&#8243;.<br \/>\nResoluci\u00f3n de 1366&#215;768 px.<br \/>\nConexi\u00f3n wifi y bluetooth.<br \/>\nCuenta con 3 puertos USB y puerto HDMI.<br \/>\nIncluye lector de tarjeta de memoria.<br \/>\nModo de sonido Stereo.<\/p>\n","protected":false},"featured_media":11292,"comment_status":"open","ping_status":"closed","template":"","meta":[],"pwb-brand":[118],"product_cat":[66,191,72],"product_tag":[],"class_list":{"0":"post-11290","1":"product","2":"type-product","3":"status-publish","4":"has-post-thumbnail","6":"pwb-brand-hp","7":"product_cat-computacion","8":"product_cat-equipos","9":"product_cat-notebooks","11":"first","12":"outofstock","13":"shipping-taxable","14":"purchasable","15":"product-type-simple"},"brands":[{"id":118,"name":"HP","slug":"hp"}],"_links":{"self":[{"href":"https:\/\/aptecnologia.com.ar\/new\/wp-json\/wp\/v2\/product\/11290","targetHints":{"allow":["GET"]}}],"collection":[{"href":"https:\/\/aptecnologia.com.ar\/new\/wp-json\/wp\/v2\/product"}],"about":[{"href":"https:\/\/aptecnologia.com.ar\/new\/wp-json\/wp\/v2\/types\/product"}],"replies":[{"embeddable":true,"href":"https:\/\/aptecnologia.com.ar\/new\/wp-json\/wp\/v2\/comments?post=11290"}],"version-history":[{"count":0,"href":"https:\/\/aptecnologia.com.ar\/new\/wp-json\/wp\/v2\/product\/11290\/revisions"}],"wp:featuredmedia":[{"embeddable":true,"href":"https:\/\/aptecnologia.com.ar\/new\/wp-json\/wp\/v2\/media\/11292"}],"wp:attachment":[{"href":"https:\/\/aptecnologia.com.ar\/new\/wp-json\/wp\/v2\/media?parent=11290"}],"wp:term":[{"taxonomy":"pwb-brand","embeddable":true,"href":"https:\/\/aptecnologia.com.ar\/new\/wp-json\/wp\/v2\/pwb-brand?post=11290"},{"taxonomy":"product_cat","embeddable":true,"href":"https:\/\/aptecnologia.com.ar\/new\/wp-json\/wp\/v2\/product_cat?post=11290"},{"taxonomy":"product_tag","embeddable":true,"href":"https:\/\/aptecnologia.com.ar\/new\/wp-json\/wp\/v2\/product_tag?post=11290"}],"curies":[{"name":"wp","href":"https:\/\/api.w.org\/{rel}","templated":true}]}}