{"id":11100,"date":"2022-04-19T15:12:37","date_gmt":"2022-04-19T15:12:37","guid":{"rendered":"https:\/\/aptecnologia.com.ar\/new\/?post_type=product&#038;p=11100"},"modified":"2023-09-04T10:52:38","modified_gmt":"2023-09-04T13:52:38","slug":"teclado-k230-wireless-logitech","status":"publish","type":"product","link":"https:\/\/aptecnologia.com.ar\/new\/productos\/teclado-k230-wireless-logitech\/","title":{"rendered":"Teclado K230 Wireless &#8211; LOGITECH"},"content":{"rendered":"<p>\u00ab Funciones de tama\u00f1o normal en un tama\u00f1o compacto \u00bb<\/p>\n<p>FUNCIONES<\/p>\n<p>\u00bb MUCHO M\u00c1S ESPACIO<br \/>\nEste peque\u00f1o teclado tiene todas las teclas est\u00e1ndar, con lo que ahorrar\u00e1 espacio sin que le falte nada.<\/p>\n<p>\u00bb LIBERTAD DE MOVIMIENTO<br \/>\nLa fiable conexi\u00f3n inal\u00e1mbrica permite trabajar o jugar hasta a 10 metros de distancia sin apenas retrasos ni interrupciones.1<\/p>\n<p>\u00bb DISE\u00d1O MUCHO M\u00c1S PEQUE\u00d1O, LAS MISMAS TECLAS<br \/>\nEl teclado compacto es un 36% m\u00e1s peque\u00f1o que nuestros teclados normales, pero conserva todas las teclas est\u00e1ndar por lo que hacer lo que le gusta resulta m\u00e1s f\u00e1cil que nunca.<\/p>\n<p>\u00bb TECNOLOG\u00cdA INAL\u00c1MBRICA AVANZADA DE 2,4 GHZ<br \/>\nPara trabajar o jugar desde m\u00e1s lugares como si estuviese en el sof\u00e1: la conexi\u00f3n inal\u00e1mbrica elimina casi por completo retrasos, interrupciones e interferencias y ofrece un alcance de hasta 10 metros.1<\/p>\n<p>\u00bb CONEXI\u00d3N F\u00c1CIL<br \/>\nLogitech\u00ae Unifying es un min\u00fasculo receptor inal\u00e1mbrico que puede permanecer conectado a su laptop y permite conectar dispositivos cuando se necesitan. Con\u00e9ctelo. Olv\u00eddese de \u00e9l. Agregue m\u00e1s.<\/p>\n<p>\u00bb CIFRADO AES DE 128 BITS<br \/>\nAyuda a proteger la informaci\u00f3n transmitida del teclado al receptor, con uno de los niveles m\u00e1s elevados de cifrado de datos.<\/p>\n<p>\u00bb DOS A\u00d1OS DE DURACI\u00d3N DE LAS PILAS<br \/>\nCon la duraci\u00f3n de pilas prolongada y la suspensi\u00f3n autom\u00e1tica, puede escribir actualizaciones en Facebook\u00ae, correos electr\u00f3nicos y rese\u00f1as en Yelp durante a\u00f1os sin preocuparse por cambiar las pilas.2<\/p>\n<p>\u00bb ATRACTIVO DISE\u00d1O PERSONALIZABLE<br \/>\nLa tapa de las pilas en la parte superior del teclado funciona tambi\u00e9n como divertido elemento de dise\u00f1o con opciones en gris claro, rosa y azul intercambiables para adaptarse al estado de \u00e1nimo o la decoraci\u00f3n.<\/p>\n<p>\u00bb SIMPLICIDAD PLUG AND PLAY<br \/>\nLa instalaci\u00f3n es facil\u00edsima: basta con conectar el receptor inal\u00e1mbrico al puerto USB del ordenador para empezar a usar el teclado inmediatamente sin software.<\/p>\n<p>\u00bb TECLAS SILENCIOSAS<br \/>\nLas teclas apenas hacen ruido, por lo que puede escuchar una canci\u00f3n tranquilamente y no el sonido de las teclas.<\/p>\n","protected":false},"excerpt":{"rendered":"<p>TECLADO WIRELESS LOGITECH<br \/>\nModelo K230<\/p>\n","protected":false},"featured_media":11102,"comment_status":"open","ping_status":"closed","template":"","meta":[],"pwb-brand":[108],"product_cat":[66,154,90],"product_tag":[],"class_list":{"0":"post-11100","1":"product","2":"type-product","3":"status-publish","4":"has-post-thumbnail","6":"pwb-brand-logitech","7":"product_cat-computacion","8":"product_cat-teclados","9":"product_cat-perifericos","11":"first","12":"instock","13":"shipping-taxable","14":"purchasable","15":"product-type-simple"},"brands":[{"id":108,"name":"Logitech","slug":"logitech"}],"_links":{"self":[{"href":"https:\/\/aptecnologia.com.ar\/new\/wp-json\/wp\/v2\/product\/11100","targetHints":{"allow":["GET"]}}],"collection":[{"href":"https:\/\/aptecnologia.com.ar\/new\/wp-json\/wp\/v2\/product"}],"about":[{"href":"https:\/\/aptecnologia.com.ar\/new\/wp-json\/wp\/v2\/types\/product"}],"replies":[{"embeddable":true,"href":"https:\/\/aptecnologia.com.ar\/new\/wp-json\/wp\/v2\/comments?post=11100"}],"version-history":[{"count":0,"href":"https:\/\/aptecnologia.com.ar\/new\/wp-json\/wp\/v2\/product\/11100\/revisions"}],"wp:featuredmedia":[{"embeddable":true,"href":"https:\/\/aptecnologia.com.ar\/new\/wp-json\/wp\/v2\/media\/11102"}],"wp:attachment":[{"href":"https:\/\/aptecnologia.com.ar\/new\/wp-json\/wp\/v2\/media?parent=11100"}],"wp:term":[{"taxonomy":"pwb-brand","embeddable":true,"href":"https:\/\/aptecnologia.com.ar\/new\/wp-json\/wp\/v2\/pwb-brand?post=11100"},{"taxonomy":"product_cat","embeddable":true,"href":"https:\/\/aptecnologia.com.ar\/new\/wp-json\/wp\/v2\/product_cat?post=11100"},{"taxonomy":"product_tag","embeddable":true,"href":"https:\/\/aptecnologia.com.ar\/new\/wp-json\/wp\/v2\/product_tag?post=11100"}],"curies":[{"name":"wp","href":"https:\/\/api.w.org\/{rel}","templated":true}]}}