{"id":11056,"date":"2022-04-12T18:44:24","date_gmt":"2022-04-12T18:44:24","guid":{"rendered":"https:\/\/aptecnologia.com.ar\/new\/?post_type=product&#038;p=11056"},"modified":"2022-04-19T14:42:40","modified_gmt":"2022-04-19T14:42:40","slug":"pendrive-32gb-2-0-nano-usb-verbatim","status":"publish","type":"product","link":"https:\/\/aptecnologia.com.ar\/new\/productos\/pendrive-32gb-2-0-nano-usb-verbatim\/","title":{"rendered":"Pendrive 32Gb 2.0 Nano USB &#8211; VERBATIM"},"content":{"rendered":"<p>Agregue f\u00e1cilmente m\u00e1s opciones de almacenamiento a su computadora port\u00e1til o est\u00e9reo de autom\u00f3vil con la unidad USB Store \u2018n\u2019 Go Nano de Verbatim. Al permitir el almacenamiento en una unidad que cabe en el cuerpo de un receptor Nano, la unidad USB Nano presenta un dise\u00f1o de bajo perfil y sin enganches que es lo suficientemente peque\u00f1o como para dejarlo en su computadora port\u00e1til o est\u00e9reo, \u00a1sin estorbar! Perfecto para usar en su computadora port\u00e1til o autom\u00f3vil, esta unidad de tama\u00f1o reducido se puede quitar f\u00e1cilmente para compartir archivos r\u00e1pidamente.<\/p>\n<p>\u2022 Descargue, almacene y transfiera hasta 32 GB de archivos con la unidad Verbaim Nano USB enchufable y permanente para netbooks notebooks<br \/>\n\u2022 Dise\u00f1o sin enganches para un f\u00e1cil transporte. Siempre ah\u00ed, siempre lista unidad flash<br \/>\n\u2022 Extra\u00edble para compartir archivos f\u00e1cilmente.<br \/>\n\u2022 Plug and Play: sin software para &#8211; protecci\u00f3n de contrase\u00f1a opcional disponible para descarga de Windows<br \/>\n\u2022 Verbatim ha sido l\u00edder en tecnolog\u00eda de almacenamiento de datos desde 1969 y garantiza este producto con una garant\u00eda limitada de por vida y soporte t\u00e9cnico.<br \/>\n\u2022 Unidad USB enchufable y permanente para netbooks notebooks<br \/>\n\u2022 Dise\u00f1o sin enganches para un f\u00e1cil transporte<\/p>\n","protected":false},"excerpt":{"rendered":"<p>Tipos de conectores: USB<br \/>\nCapacidad de almacenamiento de datos 32 GB<br \/>\nConectividad Versi\u00f3n del puerto USB 2.0<\/p>\n","protected":false},"featured_media":11057,"comment_status":"open","ping_status":"closed","template":"","meta":[],"pwb-brand":[121],"product_cat":[66,149],"product_tag":[],"class_list":{"0":"post-11056","1":"product","2":"type-product","3":"status-publish","4":"has-post-thumbnail","6":"pwb-brand-kingston","7":"product_cat-computacion","8":"product_cat-pendrives","10":"first","11":"outofstock","12":"shipping-taxable","13":"purchasable","14":"product-type-simple"},"brands":[{"id":121,"name":"Kingston","slug":"kingston"}],"_links":{"self":[{"href":"https:\/\/aptecnologia.com.ar\/new\/wp-json\/wp\/v2\/product\/11056","targetHints":{"allow":["GET"]}}],"collection":[{"href":"https:\/\/aptecnologia.com.ar\/new\/wp-json\/wp\/v2\/product"}],"about":[{"href":"https:\/\/aptecnologia.com.ar\/new\/wp-json\/wp\/v2\/types\/product"}],"replies":[{"embeddable":true,"href":"https:\/\/aptecnologia.com.ar\/new\/wp-json\/wp\/v2\/comments?post=11056"}],"version-history":[{"count":0,"href":"https:\/\/aptecnologia.com.ar\/new\/wp-json\/wp\/v2\/product\/11056\/revisions"}],"wp:featuredmedia":[{"embeddable":true,"href":"https:\/\/aptecnologia.com.ar\/new\/wp-json\/wp\/v2\/media\/11057"}],"wp:attachment":[{"href":"https:\/\/aptecnologia.com.ar\/new\/wp-json\/wp\/v2\/media?parent=11056"}],"wp:term":[{"taxonomy":"pwb-brand","embeddable":true,"href":"https:\/\/aptecnologia.com.ar\/new\/wp-json\/wp\/v2\/pwb-brand?post=11056"},{"taxonomy":"product_cat","embeddable":true,"href":"https:\/\/aptecnologia.com.ar\/new\/wp-json\/wp\/v2\/product_cat?post=11056"},{"taxonomy":"product_tag","embeddable":true,"href":"https:\/\/aptecnologia.com.ar\/new\/wp-json\/wp\/v2\/product_tag?post=11056"}],"curies":[{"name":"wp","href":"https:\/\/api.w.org\/{rel}","templated":true}]}}