{"id":11048,"date":"2022-04-12T18:24:05","date_gmt":"2022-04-12T18:24:05","guid":{"rendered":"https:\/\/aptecnologia.com.ar\/new\/?post_type=product&#038;p=11048"},"modified":"2024-05-04T00:36:35","modified_gmt":"2024-05-04T03:36:35","slug":"pendrive-dt50-3-0-metalico20-32gb-3-1-kingston","status":"publish","type":"product","link":"https:\/\/aptecnologia.com.ar\/new\/productos\/pendrive-dt50-3-0-metalico20-32gb-3-1-kingston\/","title":{"rendered":"Pendrive DT50 3.0 METALICO20 32Gb 3.1 &#8211; KINGSTON"},"content":{"rendered":"<p>Desde hace m\u00e1s de 30 a\u00f1os, Kingston fabrica productos con la m\u00e1s alta calidad del mercado. Encontrar\u00e1s en esta marca compatibilidad, practicidad y garant\u00eda de por vida. Las unidades Kingston permiten el almacenamiento de fotos, m\u00fasica, v\u00eddeo y mucho m\u00e1s. <\/p>\n<p>Capacidad adaptada a tus requerimientos<br \/>\nEste pendrive te permitir\u00e1 almacenar hasta 32 GB para que puedas guardar gran cantidad de informaci\u00f3n, im\u00e1genes u otros tipos de archivos.<\/p>\n<p>Conectividad USB innovadora<br \/>\nSu tecnolog\u00eda 3.1 Gen 1 brinda una velocidad de lectura mayor que las memorias tradicionales.<\/p>\n<p>M\u00e1s seguro y pr\u00e1ctico<br \/>\nCon este dispositivo podr\u00e1s mantener tus archivos siempre protegidos. Adem\u00e1s su uso es muy pr\u00e1ctico: solo debes conectarlo al aparato y arrastrar los archivos hasta la unidad.<\/p>\n<p>Llevalo siempre con vos<br \/>\nCuenta con un dise\u00f1o super compacto, delgado y resistente para que puedas llevarlo adonde vayas. \u00a1Podr\u00e1s usarlo y transportarlo con facilidad cuando te muevas de un lado al otro!<\/p>\n","protected":false},"excerpt":{"rendered":"<p>Capacidad de almacenamiento de 32GB.<br \/>\nConectividad USB 3.1 Gen 1.<br \/>\nTipo de conector: USB-A.<br \/>\nVelocidad de lectura de 100MB\/s.<br \/>\nDimensiones: 20mm de ancho, 44.9mm de alto y 9.2mm de profundidad.<br \/>\nRecomendado para transferencias de alta velocidad.<br \/>\nLiviano e ideal para transportar todo tipo de archivos.<\/p>\n","protected":false},"featured_media":11049,"comment_status":"open","ping_status":"closed","template":"","meta":[],"pwb-brand":[121],"product_cat":[199,66,149],"product_tag":[],"class_list":{"0":"post-11048","1":"product","2":"type-product","3":"status-publish","4":"has-post-thumbnail","6":"pwb-brand-kingston","7":"product_cat-almacenamiento","8":"product_cat-computacion","9":"product_cat-pendrives","11":"first","12":"outofstock","13":"shipping-taxable","14":"purchasable","15":"product-type-simple"},"brands":[{"id":121,"name":"Kingston","slug":"kingston"}],"_links":{"self":[{"href":"https:\/\/aptecnologia.com.ar\/new\/wp-json\/wp\/v2\/product\/11048","targetHints":{"allow":["GET"]}}],"collection":[{"href":"https:\/\/aptecnologia.com.ar\/new\/wp-json\/wp\/v2\/product"}],"about":[{"href":"https:\/\/aptecnologia.com.ar\/new\/wp-json\/wp\/v2\/types\/product"}],"replies":[{"embeddable":true,"href":"https:\/\/aptecnologia.com.ar\/new\/wp-json\/wp\/v2\/comments?post=11048"}],"version-history":[{"count":0,"href":"https:\/\/aptecnologia.com.ar\/new\/wp-json\/wp\/v2\/product\/11048\/revisions"}],"wp:featuredmedia":[{"embeddable":true,"href":"https:\/\/aptecnologia.com.ar\/new\/wp-json\/wp\/v2\/media\/11049"}],"wp:attachment":[{"href":"https:\/\/aptecnologia.com.ar\/new\/wp-json\/wp\/v2\/media?parent=11048"}],"wp:term":[{"taxonomy":"pwb-brand","embeddable":true,"href":"https:\/\/aptecnologia.com.ar\/new\/wp-json\/wp\/v2\/pwb-brand?post=11048"},{"taxonomy":"product_cat","embeddable":true,"href":"https:\/\/aptecnologia.com.ar\/new\/wp-json\/wp\/v2\/product_cat?post=11048"},{"taxonomy":"product_tag","embeddable":true,"href":"https:\/\/aptecnologia.com.ar\/new\/wp-json\/wp\/v2\/product_tag?post=11048"}],"curies":[{"name":"wp","href":"https:\/\/api.w.org\/{rel}","templated":true}]}}