{"id":11028,"date":"2022-04-05T18:02:33","date_gmt":"2022-04-05T18:02:33","guid":{"rendered":"https:\/\/aptecnologia.com.ar\/new\/?post_type=product&#038;p=11028"},"modified":"2022-07-12T12:50:52","modified_gmt":"2022-07-12T12:50:52","slug":"tablet-wifi-k10-tb-x6c6f-4g64gb-lenovo","status":"publish","type":"product","link":"https:\/\/aptecnologia.com.ar\/new\/productos\/tablet-wifi-k10-tb-x6c6f-4g64gb-lenovo\/","title":{"rendered":"Tablet Wifi K10 TB-X6C6F 4G+64GB &#8211; LENOVO"},"content":{"rendered":"<p>Esta tablet es ideal para cada una de tus actividades: editar fotos, documentos, navegar por internet y \u00a1mucho m\u00e1s! Su dise\u00f1o delgado, compacto y port\u00e1til es la combinaci\u00f3n perfecta de rendimiento y versatilidad.<\/p>\n<p>Transferir, sincronizar y acceder a tus dispositivos las veces que quieras ahora es posible. Sus conexiones bluetooth, wi-fi, 4g , usb-c 2.0 te permiten potenciar sus funciones al m\u00e1ximo.<\/p>\n<p>Gracias a su c\u00e1mara principal de 8 Mpx y frontal de 5 Mpx, podr\u00e1s hacer videollamadas o sacarte fotos en cualquier momento y lugar, con una excelente calidad de imagen. Nitidez, brillo y colores vibrantes har\u00e1n que tus experiencias se reflejen de manera \u00f3ptima.<\/p>\n","protected":false},"excerpt":{"rendered":"<p>Sistema operativo: Android 11.<br \/>\nCon procesador Octa-Core Cortex-A53 de 2.3GHz.<br \/>\nResoluci\u00f3n de pantalla de 1920px x 1200px.<br \/>\nCon lector micro-SD.<br \/>\nCuenta con GPS.<br \/>\nLa bater\u00eda dura 2 semanas.<br \/>\nMemoria interna expandible hasta 128 GB con fuente externa.<br \/>\nPesa tan solo 460g.<\/p>\n","protected":false},"featured_media":11029,"comment_status":"open","ping_status":"closed","template":"","meta":[],"pwb-brand":[148],"product_cat":[66,84],"product_tag":[216],"class_list":{"0":"post-11028","1":"product","2":"type-product","3":"status-publish","4":"has-post-thumbnail","6":"pwb-brand-lenovo","7":"product_cat-computacion","8":"product_cat-tablets-computacion","9":"product_tag-diadelamigo","11":"first","12":"outofstock","13":"shipping-taxable","14":"purchasable","15":"product-type-simple"},"brands":[{"id":148,"name":"Lenovo","slug":"lenovo"}],"_links":{"self":[{"href":"https:\/\/aptecnologia.com.ar\/new\/wp-json\/wp\/v2\/product\/11028","targetHints":{"allow":["GET"]}}],"collection":[{"href":"https:\/\/aptecnologia.com.ar\/new\/wp-json\/wp\/v2\/product"}],"about":[{"href":"https:\/\/aptecnologia.com.ar\/new\/wp-json\/wp\/v2\/types\/product"}],"replies":[{"embeddable":true,"href":"https:\/\/aptecnologia.com.ar\/new\/wp-json\/wp\/v2\/comments?post=11028"}],"version-history":[{"count":0,"href":"https:\/\/aptecnologia.com.ar\/new\/wp-json\/wp\/v2\/product\/11028\/revisions"}],"wp:featuredmedia":[{"embeddable":true,"href":"https:\/\/aptecnologia.com.ar\/new\/wp-json\/wp\/v2\/media\/11029"}],"wp:attachment":[{"href":"https:\/\/aptecnologia.com.ar\/new\/wp-json\/wp\/v2\/media?parent=11028"}],"wp:term":[{"taxonomy":"pwb-brand","embeddable":true,"href":"https:\/\/aptecnologia.com.ar\/new\/wp-json\/wp\/v2\/pwb-brand?post=11028"},{"taxonomy":"product_cat","embeddable":true,"href":"https:\/\/aptecnologia.com.ar\/new\/wp-json\/wp\/v2\/product_cat?post=11028"},{"taxonomy":"product_tag","embeddable":true,"href":"https:\/\/aptecnologia.com.ar\/new\/wp-json\/wp\/v2\/product_tag?post=11028"}],"curies":[{"name":"wp","href":"https:\/\/api.w.org\/{rel}","templated":true}]}}