{"id":11018,"date":"2022-04-04T21:50:07","date_gmt":"2022-04-04T21:50:07","guid":{"rendered":"https:\/\/aptecnologia.com.ar\/new\/?post_type=product&#038;p=11018"},"modified":"2023-07-24T15:36:56","modified_gmt":"2023-07-24T18:36:56","slug":"impresora-multifuncion-m137fnw-hp","status":"publish","type":"product","link":"https:\/\/aptecnologia.com.ar\/new\/productos\/impresora-multifuncion-m137fnw-hp\/","title":{"rendered":"Multifunci\u00f3n Laser ByN M137fnw &#8211; HP"},"content":{"rendered":"<p>Conectividad :<br \/>\n-Puertos USB 2.0 de alta velocidad<br \/>\n-Puerto de red Fast Ethernet 10\/100<br \/>\n-Conexi\u00f3n inal\u00e1mbrica 802.11 b\/g\/n<\/p>\n<p>Especificaciones de impresi\u00f3n:<br \/>\n-Tecnolog\u00eda de impresi\u00f3n: L\u00e1ser-Impresi\u00f3n a doble cara: Manual (soporte para controlador suministrado)-Resoluci\u00f3n de impresi\u00f3n (la mejor): Hasta 1,200 x 1,200 dpi-\u00c1rea m\u00e1xima de impresi\u00f3n (sistema m\u00e9trico): 216 x 356 mm-Ciclo de trabajo mensual: Hasta 10000 p\u00e1ginas-Lenguajes de impresi\u00f3n: SPL-Funciones del software inteligente de la impresora: Impresi\u00f3n de folleto manual a doble cara, impresi\u00f3n de m\u00faltiples p\u00e1ginas por hoja, saltar p\u00e1ginas en blanco, impresi\u00f3n de p\u00f3ster, marcas de agua<\/p>\n<p>Copiar:<br \/>\n-Configuraciones de copia: Copias; Tama\u00f1o original; Reducir\/Ampliar; Oscuridad; Tipo original; Compaginado; 2 p\u00e1ginas por hoja; 4 p\u00e1ginas por hoja; Copiado de identificaci\u00f3n; Ajustar fondo; Copia con ajuste autom\u00e1tico-N\u00famero m\u00e1ximo de copias: Hasta 99 copias-Velocidad de copia (negro, normal): Hasta 20 cpm-Resoluci\u00f3n de copia: Hasta 600 x 600 ppp<\/p>\n<p>Fax:<br \/>\n-Fax disponible: S\u00ed, blanco, negro y color (solo env\u00edo)<br \/>\n-Funciones del fax: Copia de seguridad de memoria de fax permanente, env\u00edo de fax a color, reducci\u00f3n autom\u00e1tica de fax, remarcado autom\u00e1tico, env\u00edo diferido, reenv\u00edo de fax, env\u00edo de fax a PC, recepci\u00f3n segura<br \/>\n-Resoluci\u00f3n de fax: Hasta 300 x 300 ppp<br \/>\n-Memoria del fax: Hasta 400 p\u00e1ginas<\/p>\n<p>Escaner:<br \/>\n-Funciones avanzadas del esc\u00e1ner: Escanear a WSD (solo asistencia de red); escaneo de libreta; Puntada de p\u00f3ster para escaneo m\u00faltiple; Convertir texto; Escanear a libreta electr\u00f3nica; Archivo existente a libreta electr\u00f3nica<br \/>\n-Tecnolog\u00eda de escaneado: (CIS) Sensor de imagen de contacto<br \/>\n-Resoluci\u00f3n de escaneo, hardware: Hasta 4800 x 4800 ppp<br \/>\n-Niveles de escala de grises: 256<br \/>\n-Profundidad en bits:8 bits (monocromo); 16 bits (color)<\/p>\n<p>Cartuchos de impresi\u00f3n:<br \/>\n-N\u00famero de cartuchos de impresi\u00f3n: 1 (negro)<br \/>\n-Cartuchos de reemplazo: Cartucho de t\u00f3ner l\u00e1ser original HP 105A, negro (rendimiento de aproximadamente 1000 p\u00e1ginas)<\/p>\n","protected":false},"excerpt":{"rendered":"<p>Es monocrom\u00e1tica.<br \/>\nImprime, escanea y hace copias.<br \/>\nImpresi\u00f3n doble faz manual.<br \/>\nTecnolog\u00eda de impresi\u00f3n: l\u00e1ser.<br \/>\nPosee pantalla LCD para visualizar el proceso.<br \/>\nTiene entrada USB.<br \/>\nCuenta con 3 bandejas.<br \/>\nCapacidad m\u00e1xima de 150 hojas.<\/p>\n","protected":false},"featured_media":11019,"comment_status":"open","ping_status":"closed","template":"","meta":[],"pwb-brand":[118],"product_cat":[66,165,270,268,89],"product_tag":[],"class_list":{"0":"post-11018","1":"product","2":"type-product","3":"status-publish","4":"has-post-thumbnail","6":"pwb-brand-hp","7":"product_cat-computacion","8":"product_cat-impresoras","9":"product_cat-multiflaserbyn","10":"product_cat-multifuncion","11":"product_cat-impresion","13":"first","14":"outofstock","15":"shipping-taxable","16":"purchasable","17":"product-type-simple"},"brands":[{"id":118,"name":"HP","slug":"hp"}],"_links":{"self":[{"href":"https:\/\/aptecnologia.com.ar\/new\/wp-json\/wp\/v2\/product\/11018","targetHints":{"allow":["GET"]}}],"collection":[{"href":"https:\/\/aptecnologia.com.ar\/new\/wp-json\/wp\/v2\/product"}],"about":[{"href":"https:\/\/aptecnologia.com.ar\/new\/wp-json\/wp\/v2\/types\/product"}],"replies":[{"embeddable":true,"href":"https:\/\/aptecnologia.com.ar\/new\/wp-json\/wp\/v2\/comments?post=11018"}],"version-history":[{"count":0,"href":"https:\/\/aptecnologia.com.ar\/new\/wp-json\/wp\/v2\/product\/11018\/revisions"}],"wp:featuredmedia":[{"embeddable":true,"href":"https:\/\/aptecnologia.com.ar\/new\/wp-json\/wp\/v2\/media\/11019"}],"wp:attachment":[{"href":"https:\/\/aptecnologia.com.ar\/new\/wp-json\/wp\/v2\/media?parent=11018"}],"wp:term":[{"taxonomy":"pwb-brand","embeddable":true,"href":"https:\/\/aptecnologia.com.ar\/new\/wp-json\/wp\/v2\/pwb-brand?post=11018"},{"taxonomy":"product_cat","embeddable":true,"href":"https:\/\/aptecnologia.com.ar\/new\/wp-json\/wp\/v2\/product_cat?post=11018"},{"taxonomy":"product_tag","embeddable":true,"href":"https:\/\/aptecnologia.com.ar\/new\/wp-json\/wp\/v2\/product_tag?post=11018"}],"curies":[{"name":"wp","href":"https:\/\/api.w.org\/{rel}","templated":true}]}}