{"id":11003,"date":"2022-04-04T19:35:45","date_gmt":"2022-04-04T19:35:45","guid":{"rendered":"https:\/\/aptecnologia.com.ar\/new\/?post_type=product&#038;p=11003"},"modified":"2022-04-04T19:35:47","modified_gmt":"2022-04-04T19:35:47","slug":"combo-tecladomouse-km8100-wireless-genius","status":"publish","type":"product","link":"https:\/\/aptecnologia.com.ar\/new\/productos\/combo-tecladomouse-km8100-wireless-genius\/","title":{"rendered":"Combo teclado+mouse KM8100 Wireless &#8211; GENIUS"},"content":{"rendered":"<p>Combo Teclado Mouse Inlambrico Genius KM 8100<\/p>\n<p>Alimentacion 1 pila AA y 1 pila AAA<\/p>\n<p>Genius es la marca internacional l\u00edder en perif\u00e9ricos inform\u00e1ticos y m\u00f3viles con una trayectoria de m\u00e1s de 30 a\u00f1os. Su principal enfoque est\u00e1 puesto en la calidad, comodidad y facilidad de uso de sus productos, lo cual se ve reflejado en sus kits de teclados y mouses.<\/p>\n<p>Silencioso y ligero<br \/>\nEste kit incluye un perif\u00e9rico que posee una arquitectura de membrana. \u00bfQu\u00e9 quiere decir esto? Que su teclado te permitir\u00e1 disfrutar de pulsaciones silenciosas. A diferencia de los mec\u00e1nicos, este tipo de dispositivos son ligeros y f\u00e1ciles de transportar.<\/p>\n<p>Sensor de alta precisi\u00f3n<br \/>\nEl mouse del combo posee un sensor \u00f3ptico de alta precisi\u00f3n, el cual te permitir\u00e1 redirigir el cursor de una manera m\u00e1s exacta y sensible que el resto de los sistemas tradicionales.<\/p>\n","protected":false},"excerpt":{"rendered":"<p>Modelo detallado: kit km 8100<br \/>\nModelo del teclado: Smart km 8100\/k<br \/>\nModelo del mouse: nx 7008<br \/>\nTipo de sensor del mouse: \u00d3ptico<br \/>\nResoluci\u00f3n del sensor del mouse: 1000 dpi<br \/>\nIncluye bater\u00eda: S\u00ed<br \/>\nEs inal\u00e1mbrico: S\u00ed<br \/>\nEs recargable: No<br \/>\nEs gamer: No<\/p>\n","protected":false},"featured_media":11004,"comment_status":"open","ping_status":"closed","template":"","meta":[],"pwb-brand":[109],"product_cat":[115,66,90],"product_tag":[],"class_list":{"0":"post-11003","1":"product","2":"type-product","3":"status-publish","4":"has-post-thumbnail","6":"pwb-brand-genius","7":"product_cat-combos","8":"product_cat-computacion","9":"product_cat-perifericos","11":"first","12":"outofstock","13":"shipping-taxable","14":"purchasable","15":"product-type-simple"},"brands":[{"id":109,"name":"Genius","slug":"genius"}],"_links":{"self":[{"href":"https:\/\/aptecnologia.com.ar\/new\/wp-json\/wp\/v2\/product\/11003","targetHints":{"allow":["GET"]}}],"collection":[{"href":"https:\/\/aptecnologia.com.ar\/new\/wp-json\/wp\/v2\/product"}],"about":[{"href":"https:\/\/aptecnologia.com.ar\/new\/wp-json\/wp\/v2\/types\/product"}],"replies":[{"embeddable":true,"href":"https:\/\/aptecnologia.com.ar\/new\/wp-json\/wp\/v2\/comments?post=11003"}],"version-history":[{"count":0,"href":"https:\/\/aptecnologia.com.ar\/new\/wp-json\/wp\/v2\/product\/11003\/revisions"}],"wp:featuredmedia":[{"embeddable":true,"href":"https:\/\/aptecnologia.com.ar\/new\/wp-json\/wp\/v2\/media\/11004"}],"wp:attachment":[{"href":"https:\/\/aptecnologia.com.ar\/new\/wp-json\/wp\/v2\/media?parent=11003"}],"wp:term":[{"taxonomy":"pwb-brand","embeddable":true,"href":"https:\/\/aptecnologia.com.ar\/new\/wp-json\/wp\/v2\/pwb-brand?post=11003"},{"taxonomy":"product_cat","embeddable":true,"href":"https:\/\/aptecnologia.com.ar\/new\/wp-json\/wp\/v2\/product_cat?post=11003"},{"taxonomy":"product_tag","embeddable":true,"href":"https:\/\/aptecnologia.com.ar\/new\/wp-json\/wp\/v2\/product_tag?post=11003"}],"curies":[{"name":"wp","href":"https:\/\/api.w.org\/{rel}","templated":true}]}}