{"id":10992,"date":"2022-04-04T19:10:51","date_gmt":"2022-04-04T19:10:51","guid":{"rendered":"https:\/\/aptecnologia.com.ar\/new\/?post_type=product&#038;p=10992"},"modified":"2022-04-04T19:10:53","modified_gmt":"2022-04-04T19:10:53","slug":"cinta-rotuladora-tzefa3-tela-brother","status":"publish","type":"product","link":"https:\/\/aptecnologia.com.ar\/new\/productos\/cinta-rotuladora-tzefa3-tela-brother\/","title":{"rendered":"Cinta Rotuladora TZEFA3 Tela &#8211; BROTHER"},"content":{"rendered":"<p class=\"ui-pdp-description__content\">Ideal para etiquetar la ropa de ni\u00f1os y mayores para que no se pierda. La cinta textil est\u00e1 dise\u00f1ada para que los nombres permanezcan lavado tras lavado. El texto en azul oscuro sobre fondo claro asegura una clara lectura por mucho tiempo.<\/p>\n<p>Coloque la etiqueta sobre una prenda de algod\u00f3n o de fibra no porosa, coloque un pa\u00f1o entre la plancha y la etiqueta y aplique calor. No use vapor al planchar las etiquetas en la ropa.<\/p>\n<p>Utilizable en los equipos que muestran el logotipo TZ y TZe.<\/p>\n<p>*Marca: Policart<br \/>\n*Cantidad: 1 unidad<br \/>\n*Largo: 3m<br \/>\n*Ancho: 12mm<br \/>\n*Color: Azul sobre Blanco<\/p>\n<p>Compatible con estos equipos Brother:<\/p>\n<p>GL100, PT CUBE, PTD200, PTD210, PTD215e, PTE100, PTE105, PTE110, PTH100, PTH101C, PTH105, PTH110, PT128AF, PT200, PT1000, PT1010, PT1090, PT1090BK, PT1100, PT1100sb, PT1120, PT1130, PT1160, PT1170s, PT1180, PT1190, PT1200, PT1230PC PT1280, PT1290, PT6100, PT7100, ST1150, ST1150dx<br \/>\nPTD400, PTD400AD, PTD400VP, PTD450, PTE300, PTH300, PTH300LI, PT18R, PT300, PT310, PT320, PT340, PT1300, PT1700, PT1750, PT1760, PT1800, PT1810, PT1830, PT1880, PT1890W, PT1900, PT1910, PT1950, PT1960, PT2030, PT2030AD, PT2030VP, PT2040, PT2100, PT2110, ST5<br \/>\nPTD600, PTE500, PTE550W, PTH500LI, PTP700, PTP750W, PT330, PT350, PT520, PT540, PT580c, PT1400, PT1500pc, PT1600, PT1650, PT2200, PT2210, PT2300, PT2310, PT2400, PT2410, PT2430PC, PT2500pc, PT2600, PT2610, PT2700, PT2710, PT2730, PT2730VP, PT7500, PT7600<br \/>\nPT530, PT550, PT3600, PT9200pc, PT9200dx, PT9400, PT9500pc, PT9600, PT9700PC, PT9800PCN, PTP900W, PTP950W<\/p>\n","protected":false},"excerpt":{"rendered":"<div>Modelo TZ2-FA3<\/div>\n<div>Largo x Ancho: 3 m x 12 mm<\/div>\n","protected":false},"featured_media":10993,"comment_status":"open","ping_status":"closed","template":"","meta":[],"pwb-brand":[172],"product_cat":[168,66,89],"product_tag":[],"class_list":{"0":"post-10992","1":"product","2":"type-product","3":"status-publish","4":"has-post-thumbnail","6":"pwb-brand-brother","7":"product_cat-cintasrotulacion","8":"product_cat-computacion","9":"product_cat-impresion","11":"first","12":"instock","13":"shipping-taxable","14":"purchasable","15":"product-type-simple"},"brands":[{"id":172,"name":"Brother","slug":"brother"}],"_links":{"self":[{"href":"https:\/\/aptecnologia.com.ar\/new\/wp-json\/wp\/v2\/product\/10992","targetHints":{"allow":["GET"]}}],"collection":[{"href":"https:\/\/aptecnologia.com.ar\/new\/wp-json\/wp\/v2\/product"}],"about":[{"href":"https:\/\/aptecnologia.com.ar\/new\/wp-json\/wp\/v2\/types\/product"}],"replies":[{"embeddable":true,"href":"https:\/\/aptecnologia.com.ar\/new\/wp-json\/wp\/v2\/comments?post=10992"}],"version-history":[{"count":0,"href":"https:\/\/aptecnologia.com.ar\/new\/wp-json\/wp\/v2\/product\/10992\/revisions"}],"wp:featuredmedia":[{"embeddable":true,"href":"https:\/\/aptecnologia.com.ar\/new\/wp-json\/wp\/v2\/media\/10993"}],"wp:attachment":[{"href":"https:\/\/aptecnologia.com.ar\/new\/wp-json\/wp\/v2\/media?parent=10992"}],"wp:term":[{"taxonomy":"pwb-brand","embeddable":true,"href":"https:\/\/aptecnologia.com.ar\/new\/wp-json\/wp\/v2\/pwb-brand?post=10992"},{"taxonomy":"product_cat","embeddable":true,"href":"https:\/\/aptecnologia.com.ar\/new\/wp-json\/wp\/v2\/product_cat?post=10992"},{"taxonomy":"product_tag","embeddable":true,"href":"https:\/\/aptecnologia.com.ar\/new\/wp-json\/wp\/v2\/product_tag?post=10992"}],"curies":[{"name":"wp","href":"https:\/\/api.w.org\/{rel}","templated":true}]}}