{"id":10915,"date":"2022-03-29T15:09:07","date_gmt":"2022-03-29T15:09:07","guid":{"rendered":"https:\/\/aptecnologia.com.ar\/new\/?post_type=product&#038;p=10915"},"modified":"2022-05-17T19:17:53","modified_gmt":"2022-05-17T19:17:53","slug":"camara-web-c270-logitech","status":"publish","type":"product","link":"https:\/\/aptecnologia.com.ar\/new\/productos\/camara-web-c270-logitech\/","title":{"rendered":"Camara Web C270 &#8211; LOGITECH"},"content":{"rendered":"<p>Resoluci\u00f3n m\u00e1xima de v\u00eddeo: 1280 px x 720 px<br \/>\nTipo de resoluci\u00f3n m\u00e1xima de video: HD<br \/>\nResoluci\u00f3n de imagen de la c\u00e1mara: 0.9 Mpx<br \/>\nInterfaces: USB 2.0<br \/>\nFunciones: Micr\u00f3fono integrado con reducci\u00f3n de ruido y rango de 1m,Correcci\u00f3n de iluminaci\u00f3n,Diodo LED de actividad<br \/>\nEs apto para videoconferencia: S\u00ed<br \/>\nSistemas operativos m\u00ednimos requeridos: Windows 7,macOS 10.10,Chrome OS<br \/>\nCuadros m\u00e1ximos por segundo: 30 FPS<br \/>\nDispositivos recomendados: PC de escritorio,Notebook<br \/>\nAccesorios incluidos: Clip,Manual de usuario<br \/>\nAplicaciones compatibles: Skype,Zoom<br \/>\n\u00c1ngulo de visi\u00f3n: 55\u00b0<br \/>\nEs plug and play: S\u00ed<br \/>\nLargo del cable: 1.5 m<br \/>\nProfundidad: 66.64 mm<br \/>\nAncho: 31.91 mm<br \/>\nAltura: 72.91 mm<br \/>\nPeso: 75 g<\/p>\n","protected":false},"excerpt":{"rendered":"<p>Videoconferencias HD<br \/>\nResolucion (720p\/30 fps) en pantalla panor\u00e1mica.<\/p>\n","protected":false},"featured_media":10916,"comment_status":"open","ping_status":"closed","template":"","meta":[],"pwb-brand":[108],"product_cat":[66,161,90],"product_tag":[],"class_list":{"0":"post-10915","1":"product","2":"type-product","3":"status-publish","4":"has-post-thumbnail","6":"pwb-brand-logitech","7":"product_cat-computacion","8":"product_cat-webcams","9":"product_cat-perifericos","11":"first","12":"outofstock","13":"shipping-taxable","14":"purchasable","15":"product-type-simple"},"brands":[{"id":108,"name":"Logitech","slug":"logitech"}],"_links":{"self":[{"href":"https:\/\/aptecnologia.com.ar\/new\/wp-json\/wp\/v2\/product\/10915","targetHints":{"allow":["GET"]}}],"collection":[{"href":"https:\/\/aptecnologia.com.ar\/new\/wp-json\/wp\/v2\/product"}],"about":[{"href":"https:\/\/aptecnologia.com.ar\/new\/wp-json\/wp\/v2\/types\/product"}],"replies":[{"embeddable":true,"href":"https:\/\/aptecnologia.com.ar\/new\/wp-json\/wp\/v2\/comments?post=10915"}],"version-history":[{"count":0,"href":"https:\/\/aptecnologia.com.ar\/new\/wp-json\/wp\/v2\/product\/10915\/revisions"}],"wp:featuredmedia":[{"embeddable":true,"href":"https:\/\/aptecnologia.com.ar\/new\/wp-json\/wp\/v2\/media\/10916"}],"wp:attachment":[{"href":"https:\/\/aptecnologia.com.ar\/new\/wp-json\/wp\/v2\/media?parent=10915"}],"wp:term":[{"taxonomy":"pwb-brand","embeddable":true,"href":"https:\/\/aptecnologia.com.ar\/new\/wp-json\/wp\/v2\/pwb-brand?post=10915"},{"taxonomy":"product_cat","embeddable":true,"href":"https:\/\/aptecnologia.com.ar\/new\/wp-json\/wp\/v2\/product_cat?post=10915"},{"taxonomy":"product_tag","embeddable":true,"href":"https:\/\/aptecnologia.com.ar\/new\/wp-json\/wp\/v2\/product_tag?post=10915"}],"curies":[{"name":"wp","href":"https:\/\/api.w.org\/{rel}","templated":true}]}}