{"id":10909,"date":"2022-03-29T13:54:41","date_gmt":"2022-03-29T13:54:41","guid":{"rendered":"https:\/\/aptecnologia.com.ar\/new\/?post_type=product&#038;p=10909"},"modified":"2022-03-29T13:58:16","modified_gmt":"2022-03-29T13:58:16","slug":"caddy-hdd-ssd-9-5mm-noganet","status":"publish","type":"product","link":"https:\/\/aptecnologia.com.ar\/new\/productos\/caddy-hdd-ssd-9-5mm-noganet\/","title":{"rendered":"Caddy Hdd Ssd 9.5mm &#8211; NOGANET"},"content":{"rendered":"<p>-Con este innovador producto usted puede colocar otro disco en su notebook en lugar de la lectora de notebook. Puede colocar cualquier disco de 2,5&#8243; con conexi\u00f3n SATA ya sea mec\u00e1nico o ssd.<br \/>\n-Hoy en d\u00eda se est\u00e1n popularizando muchos los discos SSD para su uso en una notebook, por lo tanto el disco mec\u00e1nico que uno extrae lo puede colocar en el producto que ofrecemos&#8230; o bien puede colocar otro disco ssd ya que puede insertar cualquier disco de 2,5&#8243;<br \/>\n-Existen varios modelos de caddy.. como saber si es compatible con su modelo de notebook?<br \/>\n-Medir el espesor\/altura de la lectora para ver si tiene 9,5mm o 12,7mm. Tenga presente que este cadddy es de 9,5mm (tenemos otra publicaci\u00f3n con la otra medida)<br \/>\n-Luego ver el conector de la lectora si es igual a la de la publicaci\u00f3n.. esto es mas sencillo de averiguar ya que desde el 2009 hasta la actualidad lleva este mismo conector que se llama SLIM-SATA.<br \/>\n-Tenga presente que los frentes de las lectoras son desmontables y se coloca en el caddy para que quede est\u00e9ticamente igual su notebook.<\/p>\n","protected":false},"excerpt":{"rendered":"<p>Caddy Segundo Disco Notebook Hdd Sata O Ssd Universal 9,5mm<\/p>\n","protected":false},"featured_media":10911,"comment_status":"open","ping_status":"closed","template":"","meta":[],"pwb-brand":[130],"product_cat":[66,94,91],"product_tag":[],"class_list":{"0":"post-10909","1":"product","2":"type-product","3":"status-publish","4":"has-post-thumbnail","6":"pwb-brand-noganet","7":"product_cat-computacion","8":"product_cat-discos","9":"product_cat-componentes","11":"first","12":"outofstock","13":"shipping-taxable","14":"purchasable","15":"product-type-simple"},"brands":[{"id":130,"name":"Noganet","slug":"noganet"}],"_links":{"self":[{"href":"https:\/\/aptecnologia.com.ar\/new\/wp-json\/wp\/v2\/product\/10909","targetHints":{"allow":["GET"]}}],"collection":[{"href":"https:\/\/aptecnologia.com.ar\/new\/wp-json\/wp\/v2\/product"}],"about":[{"href":"https:\/\/aptecnologia.com.ar\/new\/wp-json\/wp\/v2\/types\/product"}],"replies":[{"embeddable":true,"href":"https:\/\/aptecnologia.com.ar\/new\/wp-json\/wp\/v2\/comments?post=10909"}],"version-history":[{"count":0,"href":"https:\/\/aptecnologia.com.ar\/new\/wp-json\/wp\/v2\/product\/10909\/revisions"}],"wp:featuredmedia":[{"embeddable":true,"href":"https:\/\/aptecnologia.com.ar\/new\/wp-json\/wp\/v2\/media\/10911"}],"wp:attachment":[{"href":"https:\/\/aptecnologia.com.ar\/new\/wp-json\/wp\/v2\/media?parent=10909"}],"wp:term":[{"taxonomy":"pwb-brand","embeddable":true,"href":"https:\/\/aptecnologia.com.ar\/new\/wp-json\/wp\/v2\/pwb-brand?post=10909"},{"taxonomy":"product_cat","embeddable":true,"href":"https:\/\/aptecnologia.com.ar\/new\/wp-json\/wp\/v2\/product_cat?post=10909"},{"taxonomy":"product_tag","embeddable":true,"href":"https:\/\/aptecnologia.com.ar\/new\/wp-json\/wp\/v2\/product_tag?post=10909"}],"curies":[{"name":"wp","href":"https:\/\/api.w.org\/{rel}","templated":true}]}}