{"id":10889,"date":"2022-03-23T16:40:48","date_gmt":"2022-03-23T16:40:48","guid":{"rendered":"https:\/\/aptecnologia.com.ar\/new\/?post_type=product&#038;p=10889"},"modified":"2022-03-23T16:40:50","modified_gmt":"2022-03-23T16:40:50","slug":"disco-ssd-240gb-cs900-sata-iii-6-gb-s-2-5-pny","status":"publish","type":"product","link":"https:\/\/aptecnologia.com.ar\/new\/productos\/disco-ssd-240gb-cs900-sata-iii-6-gb-s-2-5-pny\/","title":{"rendered":"Disco SSD 240Gb CS900 SATA-III 6 Gb\/s 2.5 &#8211; PNY"},"content":{"rendered":"<p>Con la unidad en estado s\u00f3lido PNY vas a incrementar la capacidad de respuesta de tu equipo. Gracias a esta tecnolog\u00eda podr\u00e1s invertir en velocidad y eficiencia para el inicio, la carga y la transferencia de datos.<\/p>\n<p>Confianza ante todo<br \/>\nResguard\u00e1 todo tipo de informaci\u00f3n sensible a trav\u00e9s de su sistema de seguridad incorporado. Su defensa es impenetrable.<\/p>\n<p>M\u00e1s velocidad a tu alcance<br \/>\nEste producto posee una interfaz SATA III, SATA II que se encarga de transferir datos con la placa madre de tu computadora. Es de gran importancia y con su velocidad de env\u00edo de informaci\u00f3n mejora el rendimiento. Vas a poder cargar todo tipo de archivos en tu PC con rapidez.<\/p>\n","protected":false},"excerpt":{"rendered":"<p>Con tecnolog\u00eda 3D NAND.<br \/>\n\u00datil para guardar programas y documentos con su capacidad de 240 GB.<br \/>\nTama\u00f1o de 2.5 \u00ab.<br \/>\nInterfaces de conexi\u00f3n: SATA III y SATA II.<br \/>\nOptimizado para configuraciones RAID.<\/p>\n","protected":false},"featured_media":10890,"comment_status":"open","ping_status":"closed","template":"","meta":[],"pwb-brand":[],"product_cat":[66,94,91],"product_tag":[],"class_list":{"0":"post-10889","1":"product","2":"type-product","3":"status-publish","4":"has-post-thumbnail","6":"product_cat-computacion","7":"product_cat-discos","8":"product_cat-componentes","10":"first","11":"outofstock","12":"shipping-taxable","13":"purchasable","14":"product-type-simple"},"brands":[],"_links":{"self":[{"href":"https:\/\/aptecnologia.com.ar\/new\/wp-json\/wp\/v2\/product\/10889","targetHints":{"allow":["GET"]}}],"collection":[{"href":"https:\/\/aptecnologia.com.ar\/new\/wp-json\/wp\/v2\/product"}],"about":[{"href":"https:\/\/aptecnologia.com.ar\/new\/wp-json\/wp\/v2\/types\/product"}],"replies":[{"embeddable":true,"href":"https:\/\/aptecnologia.com.ar\/new\/wp-json\/wp\/v2\/comments?post=10889"}],"version-history":[{"count":0,"href":"https:\/\/aptecnologia.com.ar\/new\/wp-json\/wp\/v2\/product\/10889\/revisions"}],"wp:featuredmedia":[{"embeddable":true,"href":"https:\/\/aptecnologia.com.ar\/new\/wp-json\/wp\/v2\/media\/10890"}],"wp:attachment":[{"href":"https:\/\/aptecnologia.com.ar\/new\/wp-json\/wp\/v2\/media?parent=10889"}],"wp:term":[{"taxonomy":"pwb-brand","embeddable":true,"href":"https:\/\/aptecnologia.com.ar\/new\/wp-json\/wp\/v2\/pwb-brand?post=10889"},{"taxonomy":"product_cat","embeddable":true,"href":"https:\/\/aptecnologia.com.ar\/new\/wp-json\/wp\/v2\/product_cat?post=10889"},{"taxonomy":"product_tag","embeddable":true,"href":"https:\/\/aptecnologia.com.ar\/new\/wp-json\/wp\/v2\/product_tag?post=10889"}],"curies":[{"name":"wp","href":"https:\/\/api.w.org\/{rel}","templated":true}]}}