{"id":10756,"date":"2022-03-15T20:38:23","date_gmt":"2022-03-15T20:38:23","guid":{"rendered":"https:\/\/aptecnologia.com.ar\/new\/?post_type=product&#038;p=10756"},"modified":"2022-03-16T18:56:49","modified_gmt":"2022-03-16T18:56:49","slug":"roku-express-3930-roku","status":"publish","type":"product","link":"https:\/\/aptecnologia.com.ar\/new\/productos\/roku-express-3930-roku\/","title":{"rendered":"Roku Express 3700MX &#8211; ROKU"},"content":{"rendered":"<p>Roku, marca pionera en la reproducci\u00f3n de streaming para TV, tiene como misi\u00f3n ser una plataforma que conecte todo el ecosistema televisivo del mundo. Para lograrlo fabrica dispositivos que son f\u00e1ciles de configurar y usar y permiten el acceso a m\u00e1s de 100.000 pel\u00edculas y programas de TV.<\/p>\n<p>Calidad de imagen<br \/>\nGracias a su compatibilidad con streaming en Full HD, aprovechar\u00e1s de todo el contenido disponible en definici\u00f3n 1080p, con im\u00e1genes de colores m\u00e1s vibrantes y llamativos en comparaci\u00f3n a su predecesor HD.<\/p>\n<p>Diversi\u00f3n asegurada<br \/>\nEs compatible con Disney+. Con esta app reviv\u00ed las historias que marcaron un hito en la infancia de muchas personas. Series y pel\u00edculas de Pixar, Marvel, Star Wars, Disney y National Geographic son uno de los tantos entretenimientos que se pueden disfrutar dentro de la plataforma.<\/p>\n","protected":false},"excerpt":{"rendered":"<p>Reproduce im\u00e1genes y videos en Full HD.<br \/>\nApto para funcionar tambi\u00e9n con Android, iOS.<br \/>\nCon conectividad wifi para navegar a alta velocidad.<br \/>\nCompatible con televisores y celulares.<br \/>\nInterfaz de conexi\u00f3n HDMI.<br \/>\nPuerto y tipo de conector: Micro-USB.<br \/>\nIncluye cable HDMI.<br \/>\nAcceso a plataformas de entretenimiento.<\/p>\n","protected":false},"featured_media":10757,"comment_status":"open","ping_status":"closed","template":"","meta":[],"pwb-brand":[189],"product_cat":[180,71],"product_tag":[],"class_list":{"0":"post-10756","1":"product","2":"type-product","3":"status-publish","4":"has-post-thumbnail","6":"pwb-brand-roku","7":"product_cat-streaming","8":"product_cat-hogar","10":"first","11":"outofstock","12":"shipping-taxable","13":"purchasable","14":"product-type-simple"},"brands":[{"id":189,"name":"Roku","slug":"roku"}],"_links":{"self":[{"href":"https:\/\/aptecnologia.com.ar\/new\/wp-json\/wp\/v2\/product\/10756","targetHints":{"allow":["GET"]}}],"collection":[{"href":"https:\/\/aptecnologia.com.ar\/new\/wp-json\/wp\/v2\/product"}],"about":[{"href":"https:\/\/aptecnologia.com.ar\/new\/wp-json\/wp\/v2\/types\/product"}],"replies":[{"embeddable":true,"href":"https:\/\/aptecnologia.com.ar\/new\/wp-json\/wp\/v2\/comments?post=10756"}],"version-history":[{"count":0,"href":"https:\/\/aptecnologia.com.ar\/new\/wp-json\/wp\/v2\/product\/10756\/revisions"}],"wp:featuredmedia":[{"embeddable":true,"href":"https:\/\/aptecnologia.com.ar\/new\/wp-json\/wp\/v2\/media\/10757"}],"wp:attachment":[{"href":"https:\/\/aptecnologia.com.ar\/new\/wp-json\/wp\/v2\/media?parent=10756"}],"wp:term":[{"taxonomy":"pwb-brand","embeddable":true,"href":"https:\/\/aptecnologia.com.ar\/new\/wp-json\/wp\/v2\/pwb-brand?post=10756"},{"taxonomy":"product_cat","embeddable":true,"href":"https:\/\/aptecnologia.com.ar\/new\/wp-json\/wp\/v2\/product_cat?post=10756"},{"taxonomy":"product_tag","embeddable":true,"href":"https:\/\/aptecnologia.com.ar\/new\/wp-json\/wp\/v2\/product_tag?post=10756"}],"curies":[{"name":"wp","href":"https:\/\/api.w.org\/{rel}","templated":true}]}}