{"id":10750,"date":"2022-03-15T20:22:27","date_gmt":"2022-03-15T20:22:27","guid":{"rendered":"https:\/\/aptecnologia.com.ar\/new\/?post_type=product&#038;p=10750"},"modified":"2022-05-31T20:25:08","modified_gmt":"2022-05-31T20:25:08","slug":"contador-de-billetes-bc1020-m-uv-mg-dynapos","status":"publish","type":"product","link":"https:\/\/aptecnologia.com.ar\/new\/productos\/contador-de-billetes-bc1020-m-uv-mg-dynapos\/","title":{"rendered":"Contador de Billetes BC1020-M UV\/MG &#8211; DYNAPOS"},"content":{"rendered":"<p>______________________<br \/>\nDESCRIPCI\u00d3N GENERAL<br \/>\n______________________<br \/>\nCon capacidad para procesar hasta 1000 billetes por minuto es ideal para reducir el tiempo empleado y margen de error. Posee un sistema de detecci\u00f3n autom\u00e1tica de billetes falsos por UV y magn\u00e9tico mientras cuenta (Dolares y euros). Detecta el paso doble de billetes. Detecta billetes da\u00f1ados o doblados. 3 Visores \/ Tolva de 300 Pcs. 220V AC. Dimensiones 300x235x185 mm.<\/p>\n<p>___________________________<br \/>\nPRINCIPALES CARACTER\u00cdSTICAS<br \/>\n___________________________<br \/>\n&#8211; Detecci\u00f3n autom\u00e1tica de billetes falsos por UV y magn\u00e9tico mientras cuenta.<br \/>\n&#8211; Seteable para la mayor\u00eda de las monedas del mundo.<br \/>\n&#8211; Detecta el paso doble de billetes (billetes pegados)<br \/>\n&#8211; Velocidad de conteo: 1000 billetes por minuto<br \/>\n_________________________<br \/>\nCARACTER\u00cdSTICAS T\u00c9CNICAS<br \/>\n_________________________<br \/>\n\u2022 Peso: 5,4 Kg<br \/>\n\u2022 Doble display, en contadora y remoto.<br \/>\n\u2022 Capacidad 200 billetes.<br \/>\n\u2022 Funciona con cualquier billete.<br \/>\n\u2022 Funci\u00f3n a\u00f1adir valores.<br \/>\n\u2022 Led de 4 d\u00edgitos de f\u00e1cil lectura.<br \/>\n\u2022 1000 billetes por minuto.<br \/>\n\u2022 Detecta billetes falsos IR, UV, MG, MT.<br \/>\n\u2022 Aviso por voz.<\/p>\n","protected":false},"excerpt":{"rendered":"<p>Detecci\u00f3n de Billetes Falsos: S\u00ed<br \/>\nTipo de detecci\u00f3n: UV,MG<br \/>\nCapacidad de bandeja: 200<br \/>\nEs port\u00e1til: No<br \/>\nClasificadora: No<br \/>\nBilletes por minuto: 1000<br \/>\nPeso: 5.4 kg<\/p>\n","protected":false},"featured_media":10751,"comment_status":"open","ping_status":"closed","template":"","meta":[],"pwb-brand":[188],"product_cat":[187,138],"product_tag":[207],"class_list":{"0":"post-10750","1":"product","2":"type-product","3":"status-publish","4":"has-post-thumbnail","6":"pwb-brand-dynapos","7":"product_cat-contadoras-y-destructoras-papel","8":"product_cat-office","9":"product_tag-hotsale","11":"first","12":"outofstock","13":"shipping-taxable","14":"purchasable","15":"product-type-simple"},"brands":[{"id":188,"name":"Dynapos","slug":"dynapos"}],"_links":{"self":[{"href":"https:\/\/aptecnologia.com.ar\/new\/wp-json\/wp\/v2\/product\/10750","targetHints":{"allow":["GET"]}}],"collection":[{"href":"https:\/\/aptecnologia.com.ar\/new\/wp-json\/wp\/v2\/product"}],"about":[{"href":"https:\/\/aptecnologia.com.ar\/new\/wp-json\/wp\/v2\/types\/product"}],"replies":[{"embeddable":true,"href":"https:\/\/aptecnologia.com.ar\/new\/wp-json\/wp\/v2\/comments?post=10750"}],"version-history":[{"count":0,"href":"https:\/\/aptecnologia.com.ar\/new\/wp-json\/wp\/v2\/product\/10750\/revisions"}],"wp:featuredmedia":[{"embeddable":true,"href":"https:\/\/aptecnologia.com.ar\/new\/wp-json\/wp\/v2\/media\/10751"}],"wp:attachment":[{"href":"https:\/\/aptecnologia.com.ar\/new\/wp-json\/wp\/v2\/media?parent=10750"}],"wp:term":[{"taxonomy":"pwb-brand","embeddable":true,"href":"https:\/\/aptecnologia.com.ar\/new\/wp-json\/wp\/v2\/pwb-brand?post=10750"},{"taxonomy":"product_cat","embeddable":true,"href":"https:\/\/aptecnologia.com.ar\/new\/wp-json\/wp\/v2\/product_cat?post=10750"},{"taxonomy":"product_tag","embeddable":true,"href":"https:\/\/aptecnologia.com.ar\/new\/wp-json\/wp\/v2\/product_tag?post=10750"}],"curies":[{"name":"wp","href":"https:\/\/api.w.org\/{rel}","templated":true}]}}