{"id":10741,"date":"2022-03-15T12:54:04","date_gmt":"2022-03-15T12:54:04","guid":{"rendered":"https:\/\/aptecnologia.com.ar\/new\/productos\/auricular-bluetooth-bt-wins-rosa-noganet-copy\/"},"modified":"2022-08-12T12:29:09","modified_gmt":"2022-08-12T12:29:09","slug":"auricular-bluetooth-bt-wins-verde-noganet","status":"publish","type":"product","link":"https:\/\/aptecnologia.com.ar\/new\/productos\/auricular-bluetooth-bt-wins-verde-noganet\/","title":{"rendered":"Auricular Bluetooth BT Wins verde &#8211; NOGANET"},"content":{"rendered":"<p>AURICULARES TRUE WIRELESS STEREO BT EARBUDS T\u00c1CTILES<\/p>\n<p>Sent\u00ed la absoluta comodidad que te brinda NG-BTWINS13 VR a trav\u00e9s de su \u00abTouch Control\u00bb: un sistema totalmente t\u00e1ctil en cada Auricular que responden a una suave pulsaci\u00f3n y permiten controlarlos con total seguridad.<br \/>\nSu tecnolog\u00eda TWS (True Wireless Stereo) te brinda un Audio de Alta Resoluci\u00f3n y con la ventaja de que pueden ser usados por 2 personas (1 Auricular cada uno).<br \/>\nLa tecnolog\u00eda TWS consiste en que cada Auricular recibe la misma mezcla de sonido y funcionan siempre uno vinculado con el otro (Maestro-Esclavo).<br \/>\nUn Auricular usado en forma individual tiene un alcance de hasta 12 metros.<br \/>\nY un oyente con ambos Auriculares podr\u00e1 disfrutar de un sonido envolvente de nueva generaci\u00f3n.<br \/>\nTambi\u00e9n cuentan con Sistema de Manos Libres para recepci\u00f3n de llamadas de tu Smartphone con un Micr\u00f3fono en cada Auricular.<br \/>\nTe brindan total libertad de movimiento y total comodidad, tanto en tu hogar como en exteriores.<br \/>\nIncluyen Estuche\/Cargador con Display Digital que recarga los Auriculares est\u00e9s donde est\u00e9s sin necesidad de usar cables.<br \/>\nY su tama\u00f1o \u00abultra-small\u00bb lo hace absolutamente portable.<br \/>\nDisponible en 3 colores: Negro, Blanco y Rosa.<br \/>\nViv\u00ed una nueva experiencia en Auriculares Inal\u00e1mbricos.<\/p>\n<p>&#8211; Marca : noga<br \/>\n&#8211; Modelo : NG-BTWINS13 VR<br \/>\n&#8211; Auriculares con Tecnolog\u00eda TWS (True Wireless Stereo)<br \/>\n&#8211; High Resolution Audio<br \/>\n&#8211; Tecnolog\u00eda Inal\u00e1mbrica versi\u00f3n 5.0 + EDR<br \/>\n&#8211; Recepci\u00f3n Inal\u00e1mbrica con alcance de hasta 10 metros el par y hasta 12 metros en forma individual<br \/>\n&#8211; \u00abTouch Control\u00bb: Control de Volumen, Play\/Pause, Anterior\/Siguiente y Recepci\u00f3n de Llamadas en ambos Auriculares<br \/>\n&#8211; Atiende llamadas por Sistema de Manos Libres con un Micr\u00f3fono en cada Auricular<br \/>\n&#8211; Presentaci\u00f3n en un elegante Estuche\/Cargador con Display Digital de carga con capacidad de 250mAh<br \/>\n&#8211; Funcionan con Bater\u00eda de 30 mAh en cada Auricular<br \/>\n&#8211; Recarga a trav\u00e9s de 4 pines por cada Auricular que proporcionan un mejor contacto y una carga m\u00e1s segura<br \/>\n&#8211; Tiempo de carga: 1 a 2 horas<br \/>\n&#8211; Incluyen cable USB a micro USB para recarga de Bater\u00eda<br \/>\n&#8211; Disponible en 3 colores: Negro, Blanco y Rosa<\/p>\n<p>&#8211; Medidas:<br \/>\n* Auriculares: 2,4 cm. (Alto) x 1,5 cm. (Ancho) x 1,8 cm. (Profundidad)<br \/>\n* Estuche: 2,9 cm. (Alto) x 5,2 cm. (Ancho) x 3,7 cm. (Profundidad)<br \/>\nTambi\u00e9n incluyen 2 pares de almohadillas de repuesto<\/p>\n","protected":false},"excerpt":{"rendered":"<p>Es inal\u00e1mbrico: S\u00ed<br \/>\nCon micr\u00f3fono: S\u00ed<br \/>\nTecnologia Twins tws<br \/>\nBater\u00eda auricular de 30 mAh<\/p>\n","protected":false},"featured_media":10743,"comment_status":"open","ping_status":"closed","template":"","meta":[],"pwb-brand":[130],"product_cat":[67,86],"product_tag":[221],"class_list":{"0":"post-10741","1":"product","2":"type-product","3":"status-publish","4":"has-post-thumbnail","6":"pwb-brand-noganet","7":"product_cat-audio-y-video","8":"product_cat-auriculares","9":"product_tag-diadelnino","11":"first","12":"outofstock","13":"shipping-taxable","14":"purchasable","15":"product-type-simple"},"brands":[{"id":130,"name":"Noganet","slug":"noganet"}],"_links":{"self":[{"href":"https:\/\/aptecnologia.com.ar\/new\/wp-json\/wp\/v2\/product\/10741","targetHints":{"allow":["GET"]}}],"collection":[{"href":"https:\/\/aptecnologia.com.ar\/new\/wp-json\/wp\/v2\/product"}],"about":[{"href":"https:\/\/aptecnologia.com.ar\/new\/wp-json\/wp\/v2\/types\/product"}],"replies":[{"embeddable":true,"href":"https:\/\/aptecnologia.com.ar\/new\/wp-json\/wp\/v2\/comments?post=10741"}],"version-history":[{"count":0,"href":"https:\/\/aptecnologia.com.ar\/new\/wp-json\/wp\/v2\/product\/10741\/revisions"}],"wp:featuredmedia":[{"embeddable":true,"href":"https:\/\/aptecnologia.com.ar\/new\/wp-json\/wp\/v2\/media\/10743"}],"wp:attachment":[{"href":"https:\/\/aptecnologia.com.ar\/new\/wp-json\/wp\/v2\/media?parent=10741"}],"wp:term":[{"taxonomy":"pwb-brand","embeddable":true,"href":"https:\/\/aptecnologia.com.ar\/new\/wp-json\/wp\/v2\/pwb-brand?post=10741"},{"taxonomy":"product_cat","embeddable":true,"href":"https:\/\/aptecnologia.com.ar\/new\/wp-json\/wp\/v2\/product_cat?post=10741"},{"taxonomy":"product_tag","embeddable":true,"href":"https:\/\/aptecnologia.com.ar\/new\/wp-json\/wp\/v2\/product_tag?post=10741"}],"curies":[{"name":"wp","href":"https:\/\/api.w.org\/{rel}","templated":true}]}}