{"id":10657,"date":"2022-03-10T17:22:37","date_gmt":"2022-03-10T17:22:37","guid":{"rendered":"https:\/\/aptecnologia.com.ar\/new\/?post_type=product&#038;p=10657"},"modified":"2022-03-16T18:58:22","modified_gmt":"2022-03-16T18:58:22","slug":"mini-proyector-1500-lum-portatil-hdmi-usb-gadnic","status":"publish","type":"product","link":"https:\/\/aptecnologia.com.ar\/new\/productos\/mini-proyector-1500-lum-portatil-hdmi-usb-gadnic\/","title":{"rendered":"Mini Proyector 1200 Lum portatil HDMI USB &#8211; GADNIC"},"content":{"rendered":"<p>El mini proyector Gadnic es un producto imprescindible tanto para los ni\u00f1os como para los adultos. Ideal para dibujos animados, v\u00eddeos juegos juegos o hasta presentaciones de Excel, Power Point en el trabajo.<br \/>\nSu tama\u00f1o lo hace ideal para poder transportarlo. Tanto en las vacaciones como en la rutina del dia a dia.<br \/>\nDise\u00f1o compacto y port\u00e1til que hace que sea m\u00e1s f\u00e1cil de llevar a cualquier lugar y en cualquier momento.<\/p>\n<p>El proyector Gadnic Spectacular est\u00e1 equipado con m\u00faltiples puertos para facilidad de uso, incluyendo HDMI, USB, audio y interfaz AV. Se puede conectar a Fire-Stick, Roku Stick, Chromecast, Tablet\/iPad, port\u00e1til, MacBook, reproductor de Blu-ray, DVD, etc. Tambi\u00e9n puedes utilizar un cable HDMI para proyectar tu smartphone f\u00e1cilmente ( incluido).<\/p>\n<p>Potente altavoz integrado que puede ofrecer un sonido claro que satisfar\u00e1 tus necesidades diarias, como jugar video juegos o ver peliculas. Tambi\u00e9n inspirar a los ni\u00f1os el inter\u00e9s de aprendizaje. Ideal para videos de youtube.<\/p>\n<p>CARACTER\u00cdSTICAS:<\/p>\n<p>&#8211; Se puede conectar a Fire-Stick, Roku Stick, Chromecast, Tablet\/iPad, port\u00e1til, MacBook, reproductor de Blu-ray, DVD, etc<\/p>\n<p>&#8211; M\u00faltiples puertos: Hdmi, Usb, Audio y Interfaz AV<\/p>\n<p>&#8211; Resoluci\u00f3n: 640 x 360P, soporta hasta 1080P<\/p>\n<p>&#8211; L\u00famenes: 1200 l\u00famenes de brillo<\/p>\n<p>&#8211; F\u00e1cil configuraci\u00f3n y altavoz integrado<\/p>\n<p>&#8211; Proyecta un m\u00e1ximo de 150 pulgadas<\/p>\n<p>&#8211; Medidas: 16 x 13,8 x 6 [cm] (Largo x Ancho x Alto)<\/p>\n<p>&#8211; Dise\u00f1o compacto y port\u00e1til<\/p>\n<p>&#8211; 50.000 horas de vida \u00fatil<\/p>\n<p>&#8211; Total de idiomas: 23<\/p>\n<p>&#8211; Audio: Est\u00e9reo<\/p>\n<p>&#8211; Peso: 480g<\/p>\n<p>&#8211; Proyecci\u00f3n: 40\u201d-150\u201d<\/p>\n<p>&#8211; Zoom : Digital 60-100<\/p>\n<p>&#8211; Potencia : 120W<\/p>\n<p>CAJA INCLUYE:<\/p>\n<p>&#8211; x1 Proyector Gadnic 1500 Lumenes<\/p>\n<p>&#8211; x1 Cable HDMI<\/p>\n<p>&#8211; x1 Cable Av<\/p>\n<p>&#8211; x1 Control<\/p>\n<p>&#8211; x1 Manual de usuario<\/p>\n","protected":false},"excerpt":{"rendered":"<div>Voltaje 220V<\/div>\n<div>Brillo de la imagen: 1200 lm<\/div>\n<div>Tama\u00f1o de la imagen: 150 \u00ab<\/div>\n<div>Con Wi-Fi: No<\/div>\n<div>Conexiones de entrada: HDMI,USB-A,VGA,AV,Sintonizador de TV<\/div>\n<div>Fuentes de luz: LED<\/div>\n<div>Resoluci\u00f3n nativa: 800 px x 480 px<\/div>\n<div>Relaci\u00f3n de contraste: 1500:1<\/div>\n","protected":false},"featured_media":10658,"comment_status":"open","ping_status":"closed","template":"","meta":[],"pwb-brand":[101],"product_cat":[186,67],"product_tag":[],"class_list":{"0":"post-10657","1":"product","2":"type-product","3":"status-publish","4":"has-post-thumbnail","6":"pwb-brand-gadnic","7":"product_cat-proyectores","8":"product_cat-audio-y-video","10":"first","11":"outofstock","12":"shipping-taxable","13":"purchasable","14":"product-type-simple"},"brands":[{"id":101,"name":"Gadnic","slug":"gadnic"}],"_links":{"self":[{"href":"https:\/\/aptecnologia.com.ar\/new\/wp-json\/wp\/v2\/product\/10657","targetHints":{"allow":["GET"]}}],"collection":[{"href":"https:\/\/aptecnologia.com.ar\/new\/wp-json\/wp\/v2\/product"}],"about":[{"href":"https:\/\/aptecnologia.com.ar\/new\/wp-json\/wp\/v2\/types\/product"}],"replies":[{"embeddable":true,"href":"https:\/\/aptecnologia.com.ar\/new\/wp-json\/wp\/v2\/comments?post=10657"}],"version-history":[{"count":0,"href":"https:\/\/aptecnologia.com.ar\/new\/wp-json\/wp\/v2\/product\/10657\/revisions"}],"wp:featuredmedia":[{"embeddable":true,"href":"https:\/\/aptecnologia.com.ar\/new\/wp-json\/wp\/v2\/media\/10658"}],"wp:attachment":[{"href":"https:\/\/aptecnologia.com.ar\/new\/wp-json\/wp\/v2\/media?parent=10657"}],"wp:term":[{"taxonomy":"pwb-brand","embeddable":true,"href":"https:\/\/aptecnologia.com.ar\/new\/wp-json\/wp\/v2\/pwb-brand?post=10657"},{"taxonomy":"product_cat","embeddable":true,"href":"https:\/\/aptecnologia.com.ar\/new\/wp-json\/wp\/v2\/product_cat?post=10657"},{"taxonomy":"product_tag","embeddable":true,"href":"https:\/\/aptecnologia.com.ar\/new\/wp-json\/wp\/v2\/product_tag?post=10657"}],"curies":[{"name":"wp","href":"https:\/\/api.w.org\/{rel}","templated":true}]}}