{"id":10645,"date":"2022-03-10T15:37:04","date_gmt":"2022-03-10T15:37:04","guid":{"rendered":"https:\/\/aptecnologia.com.ar\/new\/?post_type=product&#038;p=10645"},"modified":"2022-03-18T19:48:39","modified_gmt":"2022-03-18T19:48:39","slug":"mother-h410-s2h-v3-1200-gigabyte","status":"publish","type":"product","link":"https:\/\/aptecnologia.com.ar\/new\/productos\/mother-h410-s2h-v3-1200-gigabyte\/","title":{"rendered":"Mother H410 S2H V3 1200 &#8211; GIGABYTE"},"content":{"rendered":"<p>SKU: MTGB029008<br \/>\n&#8211; Compatible con procesadores Intel\u00ae Core\u2122 de 10.\u00aa generaci\u00f3n<br \/>\n&#8211; DDR4 de b\u00fafer sin ECC de doble canal, 2 DIMM<br \/>\n&#8211; Audio de 8-channel HD con condensadores de audio de alta calidad<br \/>\n&#8211; Conector NVMe PCIe Gen3 x4 2280 M.2<br \/>\n&#8211; GIGABYTE Gaming GbE LAN con gesti\u00f3n de ancho de banda<br \/>\n&#8211; Puertos HDMI\/DVI-D\/D-Sub para visualizaci\u00f3n m\u00faltiple<br \/>\n&#8211; Smart Fan 5 con sensores de m\u00faltiple temperatura y cabezales de ventilaci\u00f3n h\u00edbrida con FAN STOP<br \/>\n&#8211; Centro de aplicaciones GIGABYTE, uso simple y f\u00e1cil<br \/>\n&#8211; Dise\u00f1o de resistencias anti-azufre<\/p>\n","protected":false},"excerpt":{"rendered":"<p>Plataforma: Intel<br \/>\nCapacidad m\u00e1xima soportada de la memoria RAM: 64 GB<br \/>\nChipsets: H410<br \/>\nSocket: LGA1200<br \/>\nRanuras de expansi\u00f3n: 1 x PCIe x1,1 x PCIe x16<br \/>\nCon procesador: No<br \/>\nAplicaciones: PC ESCRITORIO<br \/>\nTipo de memoria RAM: DDR4<\/p>\n","protected":false},"featured_media":10646,"comment_status":"open","ping_status":"closed","template":"","meta":[],"pwb-brand":[120],"product_cat":[66,96,91],"product_tag":[],"class_list":{"0":"post-10645","1":"product","2":"type-product","3":"status-publish","4":"has-post-thumbnail","6":"pwb-brand-gigabyte","7":"product_cat-computacion","8":"product_cat-mothers","9":"product_cat-componentes","11":"first","12":"outofstock","13":"shipping-taxable","14":"purchasable","15":"product-type-simple"},"brands":[{"id":120,"name":"Gigabyte","slug":"gigabyte"}],"_links":{"self":[{"href":"https:\/\/aptecnologia.com.ar\/new\/wp-json\/wp\/v2\/product\/10645","targetHints":{"allow":["GET"]}}],"collection":[{"href":"https:\/\/aptecnologia.com.ar\/new\/wp-json\/wp\/v2\/product"}],"about":[{"href":"https:\/\/aptecnologia.com.ar\/new\/wp-json\/wp\/v2\/types\/product"}],"replies":[{"embeddable":true,"href":"https:\/\/aptecnologia.com.ar\/new\/wp-json\/wp\/v2\/comments?post=10645"}],"version-history":[{"count":0,"href":"https:\/\/aptecnologia.com.ar\/new\/wp-json\/wp\/v2\/product\/10645\/revisions"}],"wp:featuredmedia":[{"embeddable":true,"href":"https:\/\/aptecnologia.com.ar\/new\/wp-json\/wp\/v2\/media\/10646"}],"wp:attachment":[{"href":"https:\/\/aptecnologia.com.ar\/new\/wp-json\/wp\/v2\/media?parent=10645"}],"wp:term":[{"taxonomy":"pwb-brand","embeddable":true,"href":"https:\/\/aptecnologia.com.ar\/new\/wp-json\/wp\/v2\/pwb-brand?post=10645"},{"taxonomy":"product_cat","embeddable":true,"href":"https:\/\/aptecnologia.com.ar\/new\/wp-json\/wp\/v2\/product_cat?post=10645"},{"taxonomy":"product_tag","embeddable":true,"href":"https:\/\/aptecnologia.com.ar\/new\/wp-json\/wp\/v2\/product_tag?post=10645"}],"curies":[{"name":"wp","href":"https:\/\/api.w.org\/{rel}","templated":true}]}}