{"id":10536,"date":"2022-03-07T14:51:39","date_gmt":"2022-03-07T14:51:39","guid":{"rendered":"https:\/\/aptecnologia.com.ar\/new\/productos\/bolso-de-dama-amallfi-15-6-beige-klip-xtreme-copy\/"},"modified":"2022-03-16T18:53:46","modified_gmt":"2022-03-16T18:53:46","slug":"bolso-de-dama-capri-15-6-beige-klip-xtreme","status":"publish","type":"product","link":"https:\/\/aptecnologia.com.ar\/new\/productos\/bolso-de-dama-capri-15-6-beige-klip-xtreme\/","title":{"rendered":"Bolso de dama Capri 15.6&#8243; Beige &#8211; KLIP XTREME"},"content":{"rendered":"<p>Sofisticaci\u00f3n casual y sorprendentemente funcional<br \/>\n\u00a1Disfruta de la sofisticaci\u00f3n sin l\u00edmites adondequiera que vayas! El bolso para laptop Capri de Klip Xtreme emerge como el complemento perfecto para la mujer contempor\u00e1nea con un estilo de vida activo. Este bolso combina un espacioso compartimento con dos divisiones internas y pr\u00e1cticos bolsillos para accesorios, dos en la secci\u00f3n frontal m\u00e1s uno grande en el panel posterior. De estilo moderno y muy de moda, el bolso te permite acomodar f\u00e1cilmente una laptop a la par con otros dispositivos port\u00e1tiles o electr\u00f3nicos, incluyendo todos aquellos art\u00edculos esenciales para tu pr\u00f3xima expedici\u00f3n urbana.<\/p>\n<p>Caracter\u00edsticas:<br \/>\nProtecci\u00f3n: Compartimento principal completamente forrado con separador interior y cinta, ideal para computadoras port\u00e1tiles de hasta 15,6 pulgadas.<\/p>\n<p>Organizaci\u00f3n: Amplio espacio interior con un compartimento especial para tabletas o dispositivos digitales de hasta 12 pulgadas. Un bolsillo m\u00e1s peque\u00f1o con cierre de cremallera ofrece espacio adicional para guardar y mantener seguras tus pertenencias en su interior.<\/p>\n<p>Conveniencia: Bolsillos en la secci\u00f3n frontal y posterior con broches magn\u00e9ticos a presi\u00f3n permiten el f\u00e1cil acceso a los art\u00edculos de uso frecuente.<\/p>\n<p>Comodidad: Tirante ajustable para el hombro, el cual combina con asas en cuerina y bordes con atractiva terminaci\u00f3n de pespunte<br \/>\nMaterial: Nylon de sarga de primera calidad.<\/p>\n","protected":false},"excerpt":{"rendered":"<p>Altura x Largo x Profundidad: 45 cm x 9 cm x 31 cm<br \/>\nExterior: 100% nylon de sarga con detalles en atractivo cuerina.<br \/>\nForro: poli\u00e9ster de primera calidad<br \/>\nCantidad de compartimentos: 4<\/p>\n","protected":false},"featured_media":10538,"comment_status":"open","ping_status":"closed","template":"","meta":[],"pwb-brand":[183],"product_cat":[139,138],"product_tag":[184],"class_list":{"0":"post-10536","1":"product","2":"type-product","3":"status-publish","4":"has-post-thumbnail","6":"pwb-brand-klip-xtreme","7":"product_cat-mochilas-bolsos","8":"product_cat-office","9":"product_tag-mujer","11":"first","12":"instock","13":"shipping-taxable","14":"purchasable","15":"product-type-simple"},"brands":[{"id":183,"name":"Klip Xtreme","slug":"klip-xtreme"}],"_links":{"self":[{"href":"https:\/\/aptecnologia.com.ar\/new\/wp-json\/wp\/v2\/product\/10536","targetHints":{"allow":["GET"]}}],"collection":[{"href":"https:\/\/aptecnologia.com.ar\/new\/wp-json\/wp\/v2\/product"}],"about":[{"href":"https:\/\/aptecnologia.com.ar\/new\/wp-json\/wp\/v2\/types\/product"}],"replies":[{"embeddable":true,"href":"https:\/\/aptecnologia.com.ar\/new\/wp-json\/wp\/v2\/comments?post=10536"}],"version-history":[{"count":0,"href":"https:\/\/aptecnologia.com.ar\/new\/wp-json\/wp\/v2\/product\/10536\/revisions"}],"wp:featuredmedia":[{"embeddable":true,"href":"https:\/\/aptecnologia.com.ar\/new\/wp-json\/wp\/v2\/media\/10538"}],"wp:attachment":[{"href":"https:\/\/aptecnologia.com.ar\/new\/wp-json\/wp\/v2\/media?parent=10536"}],"wp:term":[{"taxonomy":"pwb-brand","embeddable":true,"href":"https:\/\/aptecnologia.com.ar\/new\/wp-json\/wp\/v2\/pwb-brand?post=10536"},{"taxonomy":"product_cat","embeddable":true,"href":"https:\/\/aptecnologia.com.ar\/new\/wp-json\/wp\/v2\/product_cat?post=10536"},{"taxonomy":"product_tag","embeddable":true,"href":"https:\/\/aptecnologia.com.ar\/new\/wp-json\/wp\/v2\/product_tag?post=10536"}],"curies":[{"name":"wp","href":"https:\/\/api.w.org\/{rel}","templated":true}]}}