{"id":10524,"date":"2022-03-04T14:45:31","date_gmt":"2022-03-04T14:45:31","guid":{"rendered":"https:\/\/aptecnologia.com.ar\/new\/productos\/conversor-usb-2-0-a-ethernet-ue200-tp-link-copy\/"},"modified":"2022-03-12T15:01:55","modified_gmt":"2022-03-12T15:01:55","slug":"conversor-usb-3-0-a-ethernet-ue300-tp-link","status":"publish","type":"product","link":"https:\/\/aptecnologia.com.ar\/new\/productos\/conversor-usb-3-0-a-ethernet-ue300-tp-link\/","title":{"rendered":"Conversor USB 3.0 a Ethernet UE300 &#8211; TP-LINK"},"content":{"rendered":"<p>Adaptador de red Ethernet USB 3.0 a 100MbpsUE300<br \/>\n\u2022 Expandir la conectividad<br \/>\n\u2022 Dise\u00f1o compacto y port\u00e1til<br \/>\n\u2022 Conexi\u00f3n de datos r\u00e1pida y estable<br \/>\n\u2022 Plug &amp; Play con mayor compatibilidad<\/p>\n<p>CARACTER\u00cdSTICAS DE HARDWARE<br \/>\nDimensiones (W x D x H) 2.8 x 1.0 x 0.6 pulg. (71 x 26 x 16.2 mm)<br \/>\nInterfaz de salida 1 puerto Ethernet RJ45 de 10 \/ 100Mbps<br \/>\nInterfaz de entrada 1 puerto USB 2.0<br \/>\nChipset RTL8152B<br \/>\nSistemas soportados Windows XP \/ Vista \/ 7\/8 \/ 8.1 \/ 10, Mac OS X 10.5 \/ 10.6 \/ 10.7 \/ 10.8 \/ 10.9 \/ 10.10,<br \/>\nsistema basado en Linux<br \/>\nOTROS<br \/>\ncontenidos del paquete Adaptador de red Ethernet USB 2.0 a 100Mbps, Gu\u00eda de instalaci\u00f3n r\u00e1pida<\/p>\n","protected":false},"excerpt":{"rendered":"<p>Tecnolog\u00eda de conectividad: Ethernet<br \/>\nTasa de transferencia de datos: 1000 MB\/s<br \/>\nInterfaz: USB<\/p>\n","protected":false},"featured_media":10519,"comment_status":"open","ping_status":"closed","template":"","meta":[],"pwb-brand":[102],"product_cat":[70,88],"product_tag":[],"class_list":{"0":"post-10524","1":"product","2":"type-product","3":"status-publish","4":"has-post-thumbnail","6":"pwb-brand-tplink","7":"product_cat-conectividad-y-redes","8":"product_cat-placa-de-red","10":"first","11":"outofstock","12":"shipping-taxable","13":"purchasable","14":"product-type-simple"},"brands":[{"id":102,"name":"Tp-Link","slug":"tplink"}],"_links":{"self":[{"href":"https:\/\/aptecnologia.com.ar\/new\/wp-json\/wp\/v2\/product\/10524","targetHints":{"allow":["GET"]}}],"collection":[{"href":"https:\/\/aptecnologia.com.ar\/new\/wp-json\/wp\/v2\/product"}],"about":[{"href":"https:\/\/aptecnologia.com.ar\/new\/wp-json\/wp\/v2\/types\/product"}],"replies":[{"embeddable":true,"href":"https:\/\/aptecnologia.com.ar\/new\/wp-json\/wp\/v2\/comments?post=10524"}],"version-history":[{"count":0,"href":"https:\/\/aptecnologia.com.ar\/new\/wp-json\/wp\/v2\/product\/10524\/revisions"}],"wp:featuredmedia":[{"embeddable":true,"href":"https:\/\/aptecnologia.com.ar\/new\/wp-json\/wp\/v2\/media\/10519"}],"wp:attachment":[{"href":"https:\/\/aptecnologia.com.ar\/new\/wp-json\/wp\/v2\/media?parent=10524"}],"wp:term":[{"taxonomy":"pwb-brand","embeddable":true,"href":"https:\/\/aptecnologia.com.ar\/new\/wp-json\/wp\/v2\/pwb-brand?post=10524"},{"taxonomy":"product_cat","embeddable":true,"href":"https:\/\/aptecnologia.com.ar\/new\/wp-json\/wp\/v2\/product_cat?post=10524"},{"taxonomy":"product_tag","embeddable":true,"href":"https:\/\/aptecnologia.com.ar\/new\/wp-json\/wp\/v2\/product_tag?post=10524"}],"curies":[{"name":"wp","href":"https:\/\/api.w.org\/{rel}","templated":true}]}}