{"id":10503,"date":"2022-03-04T13:13:23","date_gmt":"2022-03-04T16:13:23","guid":{"rendered":"https:\/\/aptecnologia.com.ar\/new\/?post_type=product&#038;p=10503"},"modified":"2025-01-16T14:33:56","modified_gmt":"2025-01-16T17:33:56","slug":"chrome-cast-3ra-generacion-google","status":"publish","type":"product","link":"https:\/\/aptecnologia.com.ar\/new\/productos\/chrome-cast-3ra-generacion-google\/","title":{"rendered":"Chrome Cast 3ra. generacion &#8211; GOOGLE"},"content":{"rendered":"<p>Con los beneficios del Chromecast, las pantallas se convertir\u00e1n en un mundo de contenidos para disfrutar. Este media player permite acceder a distintas plataformas multimedia. Se destaca tambi\u00e9n por actualizarse autom\u00e1ticamente para que interact\u00faes con un mayor n\u00famero de aplicaciones.<\/p>\n<p>Calidad de imagen<br \/>\nGracias a su compatibilidad con streaming en Full HD, aprovechar\u00e1s de todo el contenido disponible en definici\u00f3n 1080p, con im\u00e1genes de colores m\u00e1s vibrantes y llamativos en comparaci\u00f3n a su predecesor HD.<\/p>\n<p>Diversi\u00f3n asegurada<br \/>\nEs compatible con distintas plataformas con las cuales podr\u00e1s acceder a lo mejor del cine, series, m\u00fasica y programas de TV.<\/p>\n","protected":false},"excerpt":{"rendered":"<p>Reproduce im\u00e1genes y videos en Full HD.<br \/>\nCon conectividad wifi para navegar a alta velocidad.<br \/>\nCompatible con televisores, celulares, computadoras y tablets.<br \/>\nEst\u00e1ndar wifi IEEE 802.11ac.<br \/>\nInterfaz de conexi\u00f3n HDMI.<br \/>\nPuerto y tipo de conector: Micro-USB.<br \/>\nAcceso a plataformas de entretenimiento.<\/p>\n","protected":false},"featured_media":10504,"comment_status":"open","ping_status":"closed","template":"","meta":[],"pwb-brand":[181],"product_cat":[180,71],"product_tag":[221],"class_list":{"0":"post-10503","1":"product","2":"type-product","3":"status-publish","4":"has-post-thumbnail","6":"pwb-brand-google","7":"product_cat-streaming","8":"product_cat-hogar","9":"product_tag-diadelnino","11":"first","12":"instock","13":"shipping-taxable","14":"purchasable","15":"product-type-simple"},"brands":[{"id":181,"name":"Google","slug":"google"}],"_links":{"self":[{"href":"https:\/\/aptecnologia.com.ar\/new\/wp-json\/wp\/v2\/product\/10503","targetHints":{"allow":["GET"]}}],"collection":[{"href":"https:\/\/aptecnologia.com.ar\/new\/wp-json\/wp\/v2\/product"}],"about":[{"href":"https:\/\/aptecnologia.com.ar\/new\/wp-json\/wp\/v2\/types\/product"}],"replies":[{"embeddable":true,"href":"https:\/\/aptecnologia.com.ar\/new\/wp-json\/wp\/v2\/comments?post=10503"}],"version-history":[{"count":0,"href":"https:\/\/aptecnologia.com.ar\/new\/wp-json\/wp\/v2\/product\/10503\/revisions"}],"wp:featuredmedia":[{"embeddable":true,"href":"https:\/\/aptecnologia.com.ar\/new\/wp-json\/wp\/v2\/media\/10504"}],"wp:attachment":[{"href":"https:\/\/aptecnologia.com.ar\/new\/wp-json\/wp\/v2\/media?parent=10503"}],"wp:term":[{"taxonomy":"pwb-brand","embeddable":true,"href":"https:\/\/aptecnologia.com.ar\/new\/wp-json\/wp\/v2\/pwb-brand?post=10503"},{"taxonomy":"product_cat","embeddable":true,"href":"https:\/\/aptecnologia.com.ar\/new\/wp-json\/wp\/v2\/product_cat?post=10503"},{"taxonomy":"product_tag","embeddable":true,"href":"https:\/\/aptecnologia.com.ar\/new\/wp-json\/wp\/v2\/product_tag?post=10503"}],"curies":[{"name":"wp","href":"https:\/\/api.w.org\/{rel}","templated":true}]}}