{"id":10500,"date":"2022-03-03T22:10:48","date_gmt":"2022-03-03T22:10:48","guid":{"rendered":"https:\/\/aptecnologia.com.ar\/new\/productos\/telefono-ip-gxp1610-grandstream-copy\/"},"modified":"2022-03-16T19:02:22","modified_gmt":"2022-03-16T19:02:22","slug":"telefono-ip-gxp1625-grandstream","status":"publish","type":"product","link":"https:\/\/aptecnologia.com.ar\/new\/productos\/telefono-ip-gxp1625-grandstream\/","title":{"rendered":"Telefono IP GXP1625 &#8211; GRANDSTREAM"},"content":{"rendered":"<p>La l\u00ednea de base de nuestros tel\u00e9fonos IP b\u00e1sicos, el GXP1625, es para un usuario que necesita un acceso f\u00e1cil y optimizado a las comunicaciones.<\/p>\n<p>Con su interfaz de usuario clara y distinta y caracter\u00edsticas y funcionalidades esenciales, el GXP1625 es intuitivo y confiable.<\/p>\n<p>El tel\u00e9fono IP b\u00e1sico GXP1625 ofrece una experiencia de comunicaci\u00f3n intuitiva y f\u00e1cil de usar para los usuarios que solo necesitan un acceso VoIP esencial.<\/p>\n<p>Completo con 1 l\u00ednea, 2 l\u00edneas de llamada y una pantalla LCD de 132&#215;48, el GXP1610 est\u00e1 equipado para un acceso telef\u00f3nico confiable.<\/p>\n<p>El tel\u00e9fono tambi\u00e9n ofrece 3 teclas programables XML programables y puertos duales de 10\/100 mbps para una experiencia de usuario flexible.<\/p>\n<p>Como todos los tel\u00e9fonos IP de Grandstream, el GXP1610 cuenta con tecnolog\u00eda de encriptaci\u00f3n de seguridad de \u00faltima generaci\u00f3n (SRTP y TLS).<\/p>\n<p>El GXP1610 admite una variedad de opciones de aprovisionamiento automatizado, incluida la configuraci\u00f3n cero con las IP PBX de la serie UCM de Grandstream, archivos XML cifrados y TR-069, para que la implementaci\u00f3n masiva sea extremadamente f\u00e1cil.<\/p>\n<p>Caracter\u00edsticas:<\/p>\n<p>&#8211; 1 cuenta SIP, 2 teclas de l\u00ednea, conferencia de 3 v\u00edas, 3 teclas de pantalla sensibles al contexto programables XML<\/p>\n<p>&#8211; Puertos de 10\/100 mbps de doble conmutaci\u00f3n<\/p>\n<p>&#8211; Soporte EHS para auriculares Plantronics<\/p>\n<p>&#8211; Hasta 1000 contactos<\/p>\n<p>&#8211; Historial de llamadas hasta 200 registros<\/p>\n","protected":false},"excerpt":{"rendered":"<p>Cantidad de l\u00edneas: 2<br \/>\nCantidad de cuentas SIP: 1<br \/>\nCon pantalla LCD: S\u00ed<br \/>\nEs dispositivo PoE: S\u00ed<br \/>\nEs inal\u00e1mbrico: No<\/p>\n","protected":false},"featured_media":10495,"comment_status":"open","ping_status":"closed","template":"","meta":[],"pwb-brand":[179],"product_cat":[177,138,155],"product_tag":[],"class_list":{"0":"post-10500","1":"product","2":"type-product","3":"status-publish","4":"has-post-thumbnail","6":"pwb-brand-grandstream","7":"product_cat-ip","8":"product_cat-office","9":"product_cat-telefonia","11":"first","12":"instock","13":"shipping-taxable","14":"purchasable","15":"product-type-simple"},"brands":[{"id":179,"name":"Grandstream","slug":"grandstream"}],"_links":{"self":[{"href":"https:\/\/aptecnologia.com.ar\/new\/wp-json\/wp\/v2\/product\/10500","targetHints":{"allow":["GET"]}}],"collection":[{"href":"https:\/\/aptecnologia.com.ar\/new\/wp-json\/wp\/v2\/product"}],"about":[{"href":"https:\/\/aptecnologia.com.ar\/new\/wp-json\/wp\/v2\/types\/product"}],"replies":[{"embeddable":true,"href":"https:\/\/aptecnologia.com.ar\/new\/wp-json\/wp\/v2\/comments?post=10500"}],"version-history":[{"count":0,"href":"https:\/\/aptecnologia.com.ar\/new\/wp-json\/wp\/v2\/product\/10500\/revisions"}],"wp:featuredmedia":[{"embeddable":true,"href":"https:\/\/aptecnologia.com.ar\/new\/wp-json\/wp\/v2\/media\/10495"}],"wp:attachment":[{"href":"https:\/\/aptecnologia.com.ar\/new\/wp-json\/wp\/v2\/media?parent=10500"}],"wp:term":[{"taxonomy":"pwb-brand","embeddable":true,"href":"https:\/\/aptecnologia.com.ar\/new\/wp-json\/wp\/v2\/pwb-brand?post=10500"},{"taxonomy":"product_cat","embeddable":true,"href":"https:\/\/aptecnologia.com.ar\/new\/wp-json\/wp\/v2\/product_cat?post=10500"},{"taxonomy":"product_tag","embeddable":true,"href":"https:\/\/aptecnologia.com.ar\/new\/wp-json\/wp\/v2\/product_tag?post=10500"}],"curies":[{"name":"wp","href":"https:\/\/api.w.org\/{rel}","templated":true}]}}