{"id":10371,"date":"2022-02-21T21:44:43","date_gmt":"2022-02-21T21:44:43","guid":{"rendered":"https:\/\/aptecnologia.com.ar\/new\/?post_type=product&#038;p=10371"},"modified":"2023-05-12T16:40:59","modified_gmt":"2023-05-12T19:40:59","slug":"notebook-a6-14w-4gb-ssd-128gb-14-w10p-lenovo","status":"publish","type":"product","link":"https:\/\/aptecnologia.com.ar\/new\/productos\/notebook-a6-14w-4gb-ssd-128gb-14-w10p-lenovo\/","title":{"rendered":"Notebook  &#8211; A6 14W 4Gb Ssd 128Gb 14&#8243; W10P LENOVO"},"content":{"rendered":"<p>La port\u00e1til elegida por los profesores y administrativos de educaci\u00f3n superior. Equipada con el procesador de doble core AMD\u00ae y con Windows 10 Pro, la bater\u00eda de este dispositivo de 14\u201d aguanta para toda una jornada escolar y ofrece adem\u00e1s acceso a las aplicaciones educativas especializadas de Microsoft Store.<\/p>\n<p>Cuenta con visagras y carzaza exterior reforzada. Teclado antiderrame. Wifi Archer (doble banda) son algunas de sus caracteristicas principales.<\/p>\n<p>F\u00e1cil para la vista<br \/>\nDetr\u00e1s de la carcasa estampada en aluminio, la pantalla hasta FHD de 14\u201d incluye un marco fino de 6 mm, adem\u00e1s de IPS y tecnolog\u00eda antirreflejos (la pantalla puede variar seg\u00fan el modelo, revisa la configuraci\u00f3n de tu equipo antes de la compra). El resultado es una pantalla grande y m\u00e1s vibrante, con amplio \u00e1ngulo de visi\u00f3n, que reduce la fatiga ocular.<\/p>\n<p>Porque hay cosas que pasan<br \/>\nCon una durabilidad de categor\u00eda militar, la Lenovo 14w aguanta con creces los golpes y las ca\u00eddas cotidiana. Por ejemplo, el teclado de tama\u00f1o completo dispone de teclas fijadas mec\u00e1nicamente y es resistente a derrames (hasta 300 ml), lo que puede resultar \u00fatil si acostumbras a beber frente a tu laptop.<\/p>\n<p>Acercamos a la gente<br \/>\nLa c\u00e1mara 720p HD frontal permite una colaboraci\u00f3n m\u00e1s estrecha en la sala o en todo el mundo. F\u00e1cil de usar, hace que las videoconferencias sean m\u00e1s sencillas y gratificantes para todos.<\/p>\n<p>C\u00e1mbiate a 10 Pro en modo S<br \/>\nCreado para hacer la vida m\u00e1s f\u00e1cil a los usuarios y los administradores de los sistemas de IT, Windows 10 Pro en modo S es un modo mejorado de Windows 10 (no disponible en todos los modelos, revisa la configuraci\u00f3n de tu equipo antes de la compra). Se ha perfeccionado para ofrecer un rendimiento superior y m\u00e1s seguridad, adem\u00e1s de un arranque m\u00e1s r\u00e1pido del sistema, un funcionamiento acelerado de las aplicaciones y copias de seguridad autom\u00e1ticas en la nube.<\/p>\n<p>Gesti\u00f3n de dispositivos m\u00f3viles m\u00e1s sencilla<br \/>\nCon Microsoft Intune, la gesti\u00f3n de dispositivos m\u00f3viles y la implementaci\u00f3n de aplicaciones para estudiantes, profesores o empleados es ahora m\u00e1s f\u00e1cil que nunca. El servicio basado en la nube es seguro y se integra a la perfecci\u00f3n en las aplicaciones clave, como Microsoft Teams y OneNote.<\/p>\n<p>ESPECIFICACIONES:<br \/>\nProcesador 7th generaci\u00f3n AMD A6-9220C (160KB Cache L1 \/ 1MB Cache L2, 1.80 GHz, Cores: 2, Threads: 2)<\/p>\n<p>Sistema Operativo Windows 10 Pro 64 (Espa\u00f1ol)<\/p>\n<p>Pantalla 14.0 FHD (1920&#215;1080), LED Anti Reflejante, Luz De Fondo<\/p>\n<p>Memoria 4 GB PC4-14900 LPDDR4X Soldered, no ampliable<\/p>\n<p>Almacenamiento 128 GB SSD (Solid State Drive), M.2, 2242, PCIe NVMe, TLC<\/p>\n<p>Garant\u00eda Un a\u00f1o, DIRECTA DE LENOVO ARGENTINA<\/p>\n<p>Adaptador de Corriente 45W. Cargador con contector tipo C<\/p>\n<p>Tarjeta Gr\u00e1fica Integrado AMD Gr\u00e1ficos<\/p>\n<p>Bater\u00eda 3 celdas, 57Wh<\/p>\n<p>C\u00e1mara 720p HD con micr\u00f3fono<\/p>\n<p>Teclado completo, Espa\u00f1ol (LA) incluye tecla \u00d1<\/p>\n<p>Dispositivo de Puntero ClickPad<\/p>\n<p>Conectividad WIFI 11AC (2&#215;2) &amp; Bluetooth\u00ae 4.2<\/p>\n","protected":false},"excerpt":{"rendered":"<p>Procesador 7th generaci\u00f3n<br \/>\nSistema Operativo Windows 10 Pro 64 (Espa\u00f1ol)<br \/>\nPantalla 14.0 FHD (1920&#215;1080)<br \/>\nMemoria 4 GB<br \/>\nAlmacenamiento 128 GB SSD<br \/>\nAdaptador de Corriente 45W.<br \/>\nTarjeta Gr\u00e1fica Integrado AMD Gr\u00e1ficos<br \/>\nBater\u00eda 3 celdas, 57Wh<br \/>\nC\u00e1mara 720p HD con micr\u00f3fono<br \/>\nTeclado completo, Espa\u00f1ol<br \/>\nConectividad WIFI 11AC (2&#215;2) &amp; Bluetooth\u00ae 4.2<\/p>\n","protected":false},"featured_media":10372,"comment_status":"open","ping_status":"closed","template":"","meta":[],"pwb-brand":[148],"product_cat":[66,191,72],"product_tag":[216],"class_list":{"0":"post-10371","1":"product","2":"type-product","3":"status-publish","4":"has-post-thumbnail","6":"pwb-brand-lenovo","7":"product_cat-computacion","8":"product_cat-equipos","9":"product_cat-notebooks","10":"product_tag-diadelamigo","12":"first","13":"outofstock","14":"shipping-taxable","15":"purchasable","16":"product-type-simple"},"brands":[{"id":148,"name":"Lenovo","slug":"lenovo"}],"_links":{"self":[{"href":"https:\/\/aptecnologia.com.ar\/new\/wp-json\/wp\/v2\/product\/10371","targetHints":{"allow":["GET"]}}],"collection":[{"href":"https:\/\/aptecnologia.com.ar\/new\/wp-json\/wp\/v2\/product"}],"about":[{"href":"https:\/\/aptecnologia.com.ar\/new\/wp-json\/wp\/v2\/types\/product"}],"replies":[{"embeddable":true,"href":"https:\/\/aptecnologia.com.ar\/new\/wp-json\/wp\/v2\/comments?post=10371"}],"version-history":[{"count":0,"href":"https:\/\/aptecnologia.com.ar\/new\/wp-json\/wp\/v2\/product\/10371\/revisions"}],"wp:featuredmedia":[{"embeddable":true,"href":"https:\/\/aptecnologia.com.ar\/new\/wp-json\/wp\/v2\/media\/10372"}],"wp:attachment":[{"href":"https:\/\/aptecnologia.com.ar\/new\/wp-json\/wp\/v2\/media?parent=10371"}],"wp:term":[{"taxonomy":"pwb-brand","embeddable":true,"href":"https:\/\/aptecnologia.com.ar\/new\/wp-json\/wp\/v2\/pwb-brand?post=10371"},{"taxonomy":"product_cat","embeddable":true,"href":"https:\/\/aptecnologia.com.ar\/new\/wp-json\/wp\/v2\/product_cat?post=10371"},{"taxonomy":"product_tag","embeddable":true,"href":"https:\/\/aptecnologia.com.ar\/new\/wp-json\/wp\/v2\/product_tag?post=10371"}],"curies":[{"name":"wp","href":"https:\/\/api.w.org\/{rel}","templated":true}]}}