{"id":10280,"date":"2022-02-16T13:42:15","date_gmt":"2022-02-16T13:42:15","guid":{"rendered":"https:\/\/aptecnologia.com.ar\/new\/productos\/cinta-rotuladora-tze231-12mm-brother-copy\/"},"modified":"2022-03-16T20:06:19","modified_gmt":"2022-03-16T20:06:19","slug":"cinta-rotuladora-tze231-12mm-brother-copy","status":"publish","type":"product","link":"https:\/\/aptecnologia.com.ar\/new\/productos\/cinta-rotuladora-tze231-12mm-brother-copy\/","title":{"rendered":"Cinta Rotuladora TZe241 Negro\/Blanco &#8211; BROTHER"},"content":{"rendered":"<p>Cinta Brother TZe241 Negro \/ Blanco 18 mm de ancho x 8 m de largo.<\/p>\n<p>La Cinta Tze-241 Fondo Blanco Letras Negras 18 mm de ancho (0,7&#8243;) x 8m (26,2&#8243;) de largo, compatible con rotuladoras P-Touch que acepten cintas TZ y tengan un limite m\u00e1ximo de tama\u00f1o de insumo de 18 mm o superior.<\/p>\n<p>Las cintas laminadas TZ tienen una fuerte adherencia, alta resistencia de sustancias qu\u00edmicas, a la abrasi\u00f3n y al agua, entre otros factores externos.<br \/>\nLas mismas ofrecen una importante variedad de anchos, colores y tipos de cintas especiales (est\u00e1ndar, flexibles, con doble adhesivo, de tela, transparentes), tanto para aplicaciones en interiores como en exteriores dependiendo de la necesidad.<\/p>\n<p>Identifique activos, cables, paneles, patcheras, servidores, \u00fatiles, frascos, instrumentales, herramientas y cualquier bien que necesite, su creatividad es el \u00fanico l\u00edmite.<\/p>\n","protected":false},"excerpt":{"rendered":"<p class=\"ui-pdp-family--REGULAR ui-pdp-list__text\"><span class=\"ui-pdp-color--BLACK ui-pdp-size--XSMALL ui-pdp-family--BOLD\">Ancho x Largo<\/span>: 18 mm x 8 m<br \/>\n<span class=\"ui-pdp-color--BLACK ui-pdp-size--XSMALL ui-pdp-family--BOLD\">Impresoras compatibles<\/span>: PT-D450\/PT-D600\/PT-700<\/p>\n","protected":false},"featured_media":10284,"comment_status":"open","ping_status":"closed","template":"","meta":[],"pwb-brand":[172],"product_cat":[168,66,89],"product_tag":[],"class_list":{"0":"post-10280","1":"product","2":"type-product","3":"status-publish","4":"has-post-thumbnail","6":"pwb-brand-brother","7":"product_cat-cintasrotulacion","8":"product_cat-computacion","9":"product_cat-impresion","11":"first","12":"instock","13":"shipping-taxable","14":"purchasable","15":"product-type-simple"},"brands":[{"id":172,"name":"Brother","slug":"brother"}],"_links":{"self":[{"href":"https:\/\/aptecnologia.com.ar\/new\/wp-json\/wp\/v2\/product\/10280","targetHints":{"allow":["GET"]}}],"collection":[{"href":"https:\/\/aptecnologia.com.ar\/new\/wp-json\/wp\/v2\/product"}],"about":[{"href":"https:\/\/aptecnologia.com.ar\/new\/wp-json\/wp\/v2\/types\/product"}],"replies":[{"embeddable":true,"href":"https:\/\/aptecnologia.com.ar\/new\/wp-json\/wp\/v2\/comments?post=10280"}],"version-history":[{"count":0,"href":"https:\/\/aptecnologia.com.ar\/new\/wp-json\/wp\/v2\/product\/10280\/revisions"}],"wp:featuredmedia":[{"embeddable":true,"href":"https:\/\/aptecnologia.com.ar\/new\/wp-json\/wp\/v2\/media\/10284"}],"wp:attachment":[{"href":"https:\/\/aptecnologia.com.ar\/new\/wp-json\/wp\/v2\/media?parent=10280"}],"wp:term":[{"taxonomy":"pwb-brand","embeddable":true,"href":"https:\/\/aptecnologia.com.ar\/new\/wp-json\/wp\/v2\/pwb-brand?post=10280"},{"taxonomy":"product_cat","embeddable":true,"href":"https:\/\/aptecnologia.com.ar\/new\/wp-json\/wp\/v2\/product_cat?post=10280"},{"taxonomy":"product_tag","embeddable":true,"href":"https:\/\/aptecnologia.com.ar\/new\/wp-json\/wp\/v2\/product_tag?post=10280"}],"curies":[{"name":"wp","href":"https:\/\/api.w.org\/{rel}","templated":true}]}}