{"id":10143,"date":"2022-02-04T21:28:25","date_gmt":"2022-02-04T21:28:25","guid":{"rendered":"https:\/\/aptecnologia.com.ar\/new\/?post_type=product&#038;p=10143"},"modified":"2022-04-26T19:21:13","modified_gmt":"2022-04-26T19:21:13","slug":"micro-pentium-g6405-cometlak-s1200-box-intel","status":"publish","type":"product","link":"https:\/\/aptecnologia.com.ar\/new\/productos\/micro-pentium-g6405-cometlak-s1200-box-intel\/","title":{"rendered":"Micro Pentium G6405 Cometlak S1200 BOX &#8211; INTEL"},"content":{"rendered":"<p>MICRO PROCESADOR INTEL G6405 PENTIUM 4.1HZ 4MB 1200<\/p>\n<p>Esencial<br \/>\nConjunto de productos: Serie de procesadores Intel\u00ae Pentium\u00ae Gold<br \/>\nNombre de c\u00f3digo: Productos anteriormente Comet Lake<br \/>\nSegmento vertical: Desktop<br \/>\nN\u00famero de procesador: G6405<br \/>\nEstado: Launched<br \/>\nFecha de lanzamiento: Q1&#8217;21<br \/>\nLitograf\u00eda: 14 nm<\/p>\n<p>Especificaciones de la CPU<br \/>\nCantidad de core: 2<br \/>\nCantidad de subprocesos: 4<br \/>\nFrecuencia b\u00e1sica del procesador: 4,10 GHz<br \/>\nCach\u00e9: 4 MB Intel\u00ae Smart Cache<br \/>\nVelocidad del bus: 8 GT\/s<br \/>\nTDP: 58 W<\/p>\n<p>Informaci\u00f3n adicional<br \/>\nOpciones integradas disponibles: No<br \/>\nHoja de datos: Ver ahora<\/p>\n<p>Especificaciones de memoria<br \/>\nTama\u00f1o de memoria m\u00e1ximo (depende del tipo de memoria): 128 GB<br \/>\nTipos de memoria: DDR4-2666<br \/>\nCantidad m\u00e1xima de canales de memoria: 2<br \/>\nM\u00e1ximo de ancho de banda de memoria: 41.6 GB\/s<\/p>\n<p>Gr\u00e1ficos de procesador<br \/>\nGr\u00e1ficos del procesador: Gr\u00e1ficos UHD Intel\u00ae 610<br \/>\nFrecuencia de base de gr\u00e1ficos: 350 MHz<br \/>\nFrecuencia din\u00e1mica m\u00e1xima de gr\u00e1ficos: 1.05 GHz<br \/>\nMemoria m\u00e1xima de video de gr\u00e1ficos: 64 GB<br \/>\nCompatibilidad con 4K: si, at 60Hz<br \/>\nResoluci\u00f3n m\u00e1xima (HDMI 1.4): 4096&#215;2160@30Hz<br \/>\nResoluci\u00f3n m\u00e1xima (DP): 4096&#215;2304@60Hz<br \/>\nResoluci\u00f3n m\u00e1xima (eDP &#8211; panel plano integrado): 4096&#215;2304@60Hz<br \/>\nCompatibilidad con DirectX: 12<br \/>\nCompatibilidad con OpenGL: 4.5<br \/>\nIntel\u00ae Quick Sync Video: S\u00ed<br \/>\nTecnolog\u00eda Intel\u00ae InTru\u2122 3D: S\u00ed<br \/>\nTecnolog\u00eda Intel\u00ae Clear Video HD: S\u00ed<br \/>\ntecnolog\u00eda Intel\u00ae de video n\u00edtido: S\u00ed<br \/>\nCantidad de pantallas admitidas: 3<br \/>\nID de dispositivo: 0x9BA8<\/p>\n<p>Opciones de expansi\u00f3n<br \/>\nEscalabilidad: 1S Only<br \/>\nRevisi\u00f3n de PCI Express: 3,0<br \/>\nConfiguraciones de PCI Express: Up to 1&#215;16, 2&#215;8, 1&#215;8+2&#215;4<br \/>\nCantidad m\u00e1xima de l\u00edneas PCI Express: 16<\/p>\n<p>Especificaciones del paquete<br \/>\nZ\u00f3calos compatibles: FCLGA1200<br \/>\nM\u00e1xima configuraci\u00f3n de CPU: 1<br \/>\nEspecificaci\u00f3n de soluci\u00f3n t\u00e9rmica: PCG 2015C<br \/>\nTJUNCTION: 100\u00b0C<br \/>\nTama\u00f1o de paquete: 37.5mm x 37.5mm<\/p>\n<p>Tecnolog\u00edas avanzadas<br \/>\nCompatible con la memoria Intel\u00ae Optane\u2122: S\u00ed<br \/>\nIntel\u00ae Thermal Velocity Boost: No<br \/>\nTecnolog\u00eda Intel\u00ae Turbo Boost Max 3.0: No<br \/>\nTecnolog\u00eda Intel\u00ae Turbo Boost: No<br \/>\nIdoneidad para la plataforma Intel\u00ae vPro\u2122: No<br \/>\nTecnolog\u00eda Intel\u00ae Hyper-Threading: S\u00ed<br \/>\nTecnolog\u00eda de virtualizaci\u00f3n Intel\u00ae (VT-x): S\u00ed<br \/>\nTecnolog\u00eda de virtualizaci\u00f3n Intel\u00ae para E\/S dirigida (VT-d): S\u00ed<br \/>\nIntel\u00ae VT-x con tablas de p\u00e1ginas extendidas (EPT): S\u00ed<br \/>\nIntel\u00ae Transactional Synchronization Extensions \u2013 New Instructions: No<br \/>\nIntel\u00ae 64: S\u00ed<br \/>\nConjunto de instrucciones: 64-bit<br \/>\nExtensiones de conjunto de instrucciones: Intel\u00ae SSE4.1, Intel\u00ae SSE4.2<br \/>\nEstados de inactividad: S\u00ed<br \/>\nTecnolog\u00eda Intel SpeedStep\u00ae mejorada: S\u00ed<br \/>\nTecnolog\u00edas de monitoreo t\u00e9rmico: S\u00ed<br \/>\nTecnolog\u00eda de protecci\u00f3n de la identidad Intel\u00ae: S\u00ed<br \/>\nPrograma Intel\u00ae de imagen estable para plataformas (SIPP): No<\/p>\n<p>Seguridad y fiabilidad<br \/>\nNuevas instrucciones de AES Intel\u00ae: S\u00ed<br \/>\nSecure Key: S\u00ed<br \/>\nIntel\u00ae Software Guard Extensions (Intel\u00ae SGX): Yes with Intel\u00ae ME<br \/>\nIntel\u00ae OS Guard: S\u00ed<br \/>\nTecnolog\u00eda Intel\u00ae Trusted Execution: No<br \/>\nBit de desactivaci\u00f3n de ejecuci\u00f3n: S\u00ed<br \/>\nIntel\u00ae Boot Guard: S\u00ed<\/p>\n","protected":false},"excerpt":{"rendered":"<p>Especificaciones de la CPU<br \/>\nCantidad de core: 2<br \/>\nCantidad de subprocesos: 4<br \/>\nFrecuencia b\u00e1sica del procesador: 4,10 GHz<br \/>\nCach\u00e9: 4 MB Intel\u00ae Smart Cache<br \/>\nVelocidad del bus: 8 GT\/s<br \/>\nTDP: 58 W<\/p>\n","protected":false},"featured_media":10141,"comment_status":"open","ping_status":"closed","template":"","meta":[],"pwb-brand":[136],"product_cat":[66,97,91],"product_tag":[],"class_list":{"0":"post-10143","1":"product","2":"type-product","3":"status-publish","4":"has-post-thumbnail","6":"pwb-brand-intel","7":"product_cat-computacion","8":"product_cat-micros","9":"product_cat-componentes","11":"first","12":"outofstock","13":"shipping-taxable","14":"purchasable","15":"product-type-simple"},"brands":[{"id":136,"name":"Intel","slug":"intel"}],"_links":{"self":[{"href":"https:\/\/aptecnologia.com.ar\/new\/wp-json\/wp\/v2\/product\/10143","targetHints":{"allow":["GET"]}}],"collection":[{"href":"https:\/\/aptecnologia.com.ar\/new\/wp-json\/wp\/v2\/product"}],"about":[{"href":"https:\/\/aptecnologia.com.ar\/new\/wp-json\/wp\/v2\/types\/product"}],"replies":[{"embeddable":true,"href":"https:\/\/aptecnologia.com.ar\/new\/wp-json\/wp\/v2\/comments?post=10143"}],"version-history":[{"count":0,"href":"https:\/\/aptecnologia.com.ar\/new\/wp-json\/wp\/v2\/product\/10143\/revisions"}],"wp:featuredmedia":[{"embeddable":true,"href":"https:\/\/aptecnologia.com.ar\/new\/wp-json\/wp\/v2\/media\/10141"}],"wp:attachment":[{"href":"https:\/\/aptecnologia.com.ar\/new\/wp-json\/wp\/v2\/media?parent=10143"}],"wp:term":[{"taxonomy":"pwb-brand","embeddable":true,"href":"https:\/\/aptecnologia.com.ar\/new\/wp-json\/wp\/v2\/pwb-brand?post=10143"},{"taxonomy":"product_cat","embeddable":true,"href":"https:\/\/aptecnologia.com.ar\/new\/wp-json\/wp\/v2\/product_cat?post=10143"},{"taxonomy":"product_tag","embeddable":true,"href":"https:\/\/aptecnologia.com.ar\/new\/wp-json\/wp\/v2\/product_tag?post=10143"}],"curies":[{"name":"wp","href":"https:\/\/api.w.org\/{rel}","templated":true}]}}