{"id":10123,"date":"2022-02-03T20:33:52","date_gmt":"2022-02-03T20:33:52","guid":{"rendered":"https:\/\/aptecnologia.com.ar\/new\/productos\/toner-alt-hp-cf279a-generico-copy\/"},"modified":"2022-03-16T20:37:23","modified_gmt":"2022-03-16T20:37:23","slug":"toner-alt-hp-217a-generico-copy","status":"publish","type":"product","link":"https:\/\/aptecnologia.com.ar\/new\/productos\/toner-alt-hp-217a-generico-copy\/","title":{"rendered":"Toner Alt. HP 217A &#8211; GENERICO"},"content":{"rendered":"<p>Impresoras compatibles:<br \/>\nLaserJet Pro M102\/M102A M102W\/M130\/MFP M130A M130FW\/M130FN\/M130NWA<br \/>\n-RENDIMIENTO: 1600 P\u00c1GINAS (cada p\u00e1gina est\u00e1 contemplada al 5% de impresi\u00f3n, que equivale a una hoja de texto completa).<br \/>\nImportados alternativos 100% nuevos<\/p>\n","protected":false},"excerpt":{"rendered":"<p>la imagen del packaging es ilustrativa<br \/>\nCartucho Alternativo para Cf217a Con Chip<\/p>\n","protected":false},"featured_media":9906,"comment_status":"open","ping_status":"closed","template":"","meta":[],"pwb-brand":[169],"product_cat":[66,166,89],"product_tag":[],"class_list":{"0":"post-10123","1":"product","2":"type-product","3":"status-publish","4":"has-post-thumbnail","6":"pwb-brand-generico","7":"product_cat-computacion","8":"product_cat-tonersydrums","9":"product_cat-impresion","11":"first","12":"instock","13":"shipping-taxable","14":"purchasable","15":"product-type-simple"},"brands":[{"id":169,"name":"Generico","slug":"generico"}],"_links":{"self":[{"href":"https:\/\/aptecnologia.com.ar\/new\/wp-json\/wp\/v2\/product\/10123","targetHints":{"allow":["GET"]}}],"collection":[{"href":"https:\/\/aptecnologia.com.ar\/new\/wp-json\/wp\/v2\/product"}],"about":[{"href":"https:\/\/aptecnologia.com.ar\/new\/wp-json\/wp\/v2\/types\/product"}],"replies":[{"embeddable":true,"href":"https:\/\/aptecnologia.com.ar\/new\/wp-json\/wp\/v2\/comments?post=10123"}],"version-history":[{"count":0,"href":"https:\/\/aptecnologia.com.ar\/new\/wp-json\/wp\/v2\/product\/10123\/revisions"}],"wp:featuredmedia":[{"embeddable":true,"href":"https:\/\/aptecnologia.com.ar\/new\/wp-json\/wp\/v2\/media\/9906"}],"wp:attachment":[{"href":"https:\/\/aptecnologia.com.ar\/new\/wp-json\/wp\/v2\/media?parent=10123"}],"wp:term":[{"taxonomy":"pwb-brand","embeddable":true,"href":"https:\/\/aptecnologia.com.ar\/new\/wp-json\/wp\/v2\/pwb-brand?post=10123"},{"taxonomy":"product_cat","embeddable":true,"href":"https:\/\/aptecnologia.com.ar\/new\/wp-json\/wp\/v2\/product_cat?post=10123"},{"taxonomy":"product_tag","embeddable":true,"href":"https:\/\/aptecnologia.com.ar\/new\/wp-json\/wp\/v2\/product_tag?post=10123"}],"curies":[{"name":"wp","href":"https:\/\/api.w.org\/{rel}","templated":true}]}}